{"id":1011,"date":"2019-11-28T10:40:08","date_gmt":"2019-11-28T09:40:08","guid":{"rendered":"http:\/\/www.laetitia-tempsdepeindre.fr\/?page_id=1011"},"modified":"2022-10-07T09:22:44","modified_gmt":"2022-10-07T08:22:44","slug":"ateliers","status":"publish","type":"page","link":"https:\/\/www.laetitia-tempsdepeindre.fr\/index.php\/ateliers\/","title":{"rendered":"Ateliers Peintures &#038; Co"},"content":{"rendered":"\n<p>Tout d\u2019abord, la peinture est un outil et un moyen \u00e0 votre disposition pour aller \u00e0 la rencontre de votre capacit\u00e9 \u00e0 cr\u00e9er, de soi \u00e0 soi.<\/p>\n\n\n\n<p>Quant j\u2019\u00e9cris \u00ab&nbsp;peinture&nbsp;\u00bb j\u2019englobe tous les actes de cr\u00e9ation&nbsp;: la gouache, l\u2019aquarelle, l\u2019argile, l\u2019eau, le crayon bille, le fusain &#8230;<\/p>\n\n\n\n<p>Les pinceaux, la couleur, la mati\u00e8re et notre corps nous guident.<\/p>\n\n\n\n<p>Ici&nbsp;, aucun objectif de rendu ni d\u2019exposition vient entraver l\u2019acte de tracer.<\/p>\n\n\n\n<p>On vient pour soi .<\/p>\n\n\n\n<p>Le groupe interg\u00e9n\u00e9rationnel permet une \u00e9mergence cr\u00e9ative plus spontan\u00e9e. Tout simplement on oublie les rapports au rendu, au jugement, \u00e0 la comparaison.<\/p>\n\n\n\n<p>L\u2019atelier est un espace clos, serein et calme o\u00f9 l\u2019\u00e9coute et l\u2019observation sont facilit\u00e9es, que l\u2019on soit en ext\u00e9rieur ou \u00e0 l\u2019int\u00e9rieur.<\/p>\n\n\n\n<p>Nous nous connectons alors \u00e0 cette source in\u00e9puisable qu\u2019est notre potentiel cr\u00e9ateur, g\u00e9n\u00e9rateur de confiance, de joie de vivre, d\u2019enthousiasme, de Vie.<\/p>\n\n\n\n<div style=\"height:58px\" aria-hidden=\"true\" class=\"wp-block-spacer\"><\/div>\n\n\n\n<figure class=\"wp-block-gallery has-nested-images columns-default is-cropped wp-block-gallery-1 is-layout-flex wp-block-gallery-is-layout-flex\">\n<figure class=\"wp-block-image size-large\"><img loading=\"lazy\" decoding=\"async\" width=\"800\" height=\"795\" data-id=\"6994\" src=\"https:\/\/www.laetitia-tempsdepeindre.fr\/wp-content\/uploads\/2022\/10\/argile-PE-W.jpg\" alt=\"\" class=\"wp-image-6994\" srcset=\"https:\/\/www.laetitia-tempsdepeindre.fr\/wp-content\/uploads\/2022\/10\/argile-PE-W.jpg 800w, https:\/\/www.laetitia-tempsdepeindre.fr\/wp-content\/uploads\/2022\/10\/argile-PE-W-300x298.jpg 300w, https:\/\/www.laetitia-tempsdepeindre.fr\/wp-content\/uploads\/2022\/10\/argile-PE-W-150x150.jpg 150w, https:\/\/www.laetitia-tempsdepeindre.fr\/wp-content\/uploads\/2022\/10\/argile-PE-W-768x763.jpg 768w\" sizes=\"auto, (max-width: 800px) 100vw, 800px\" \/><\/figure>\n\n\n\n<figure class=\"wp-block-image size-large\"><img loading=\"lazy\" decoding=\"async\" width=\"500\" height=\"667\" data-id=\"6996\" src=\"https:\/\/www.laetitia-tempsdepeindre.fr\/wp-content\/uploads\/2022\/10\/JdP-TPgroupe.jpg\" alt=\"\" class=\"wp-image-6996\" srcset=\"https:\/\/www.laetitia-tempsdepeindre.fr\/wp-content\/uploads\/2022\/10\/JdP-TPgroupe.jpg 500w, https:\/\/www.laetitia-tempsdepeindre.fr\/wp-content\/uploads\/2022\/10\/JdP-TPgroupe-225x300.jpg 225w\" sizes=\"auto, (max-width: 500px) 100vw, 500px\" \/><\/figure>\n<\/figure>\n\n\n\n<figure class=\"wp-block-gallery has-nested-images columns-default is-cropped wp-block-gallery-2 is-layout-flex wp-block-gallery-is-layout-flex\">\n<figure class=\"wp-block-image size-full\"><img loading=\"lazy\" decoding=\"async\" width=\"900\" height=\"920\" data-id=\"6995\" src=\"https:\/\/www.laetitia-tempsdepeindre.fr\/wp-content\/uploads\/2022\/10\/AtelierPeinture-1W.jpg\" alt=\"\" class=\"wp-image-6995\" srcset=\"https:\/\/www.laetitia-tempsdepeindre.fr\/wp-content\/uploads\/2022\/10\/AtelierPeinture-1W.jpg 900w, https:\/\/www.laetitia-tempsdepeindre.fr\/wp-content\/uploads\/2022\/10\/AtelierPeinture-1W-293x300.jpg 293w, https:\/\/www.laetitia-tempsdepeindre.fr\/wp-content\/uploads\/2022\/10\/AtelierPeinture-1W-768x785.jpg 768w\" sizes=\"auto, (max-width: 900px) 100vw, 900px\" \/><\/figure>\n\n\n\n<figure class=\"wp-block-image size-full\"><img loading=\"lazy\" decoding=\"async\" width=\"800\" height=\"465\" data-id=\"6997\" src=\"https:\/\/www.laetitia-tempsdepeindre.fr\/wp-content\/uploads\/2022\/10\/articleJdP-W.jpg\" alt=\"\" class=\"wp-image-6997\" srcset=\"https:\/\/www.laetitia-tempsdepeindre.fr\/wp-content\/uploads\/2022\/10\/articleJdP-W.jpg 800w, https:\/\/www.laetitia-tempsdepeindre.fr\/wp-content\/uploads\/2022\/10\/articleJdP-W-300x174.jpg 300w, https:\/\/www.laetitia-tempsdepeindre.fr\/wp-content\/uploads\/2022\/10\/articleJdP-W-768x446.jpg 768w\" sizes=\"auto, (max-width: 800px) 100vw, 800px\" \/><\/figure>\n<\/figure>\n","protected":false},"excerpt":{"rendered":"<p>Tout d\u2019abord, la peinture est un outil et un moyen \u00e0 votre disposition pour aller \u00e0 la rencontre de votre [&hellip;]<\/p>\n","protected":false},"author":1,"featured_media":0,"parent":0,"menu_order":0,"comment_status":"closed","ping_status":"closed","template":"","meta":{"footnotes":""},"class_list":["post-1011","page","type-page","status-publish","hentry"],"aioseo_notices":[],"_links":{"self":[{"href":"https:\/\/www.laetitia-tempsdepeindre.fr\/index.php\/wp-json\/wp\/v2\/pages\/1011","targetHints":{"allow":["GET"]}}],"collection":[{"href":"https:\/\/www.laetitia-tempsdepeindre.fr\/index.php\/wp-json\/wp\/v2\/pages"}],"about":[{"href":"https:\/\/www.laetitia-tempsdepeindre.fr\/index.php\/wp-json\/wp\/v2\/types\/page"}],"author":[{"embeddable":true,"href":"https:\/\/www.laetitia-tempsdepeindre.fr\/index.php\/wp-json\/wp\/v2\/users\/1"}],"replies":[{"embeddable":true,"href":"https:\/\/www.laetitia-tempsdepeindre.fr\/index.php\/wp-json\/wp\/v2\/comments?post=1011"}],"version-history":[{"count":12,"href":"https:\/\/www.laetitia-tempsdepeindre.fr\/index.php\/wp-json\/wp\/v2\/pages\/1011\/revisions"}],"predecessor-version":[{"id":6998,"href":"https:\/\/www.laetitia-tempsdepeindre.fr\/index.php\/wp-json\/wp\/v2\/pages\/1011\/revisions\/6998"}],"wp:attachment":[{"href":"https:\/\/www.laetitia-tempsdepeindre.fr\/index.php\/wp-json\/wp\/v2\/media?parent=1011"}],"curies":[{"name":"wp","href":"https:\/\/api.w.org\/{rel}","templated":true}]}}