{"id":143,"date":"2017-08-02T10:02:44","date_gmt":"2017-08-02T09:02:44","guid":{"rendered":"http:\/\/www.laetitia-tempsdepeindre.fr\/?page_id=143"},"modified":"2026-03-03T10:30:09","modified_gmt":"2026-03-03T09:30:09","slug":"atelier-dessin-peinture-apprentissage-des-techniques","status":"publish","type":"page","link":"https:\/\/www.laetitia-tempsdepeindre.fr\/index.php\/atelier-dessin-peinture-apprentissage-des-techniques\/","title":{"rendered":"Atelier peinture &amp; argile"},"content":{"rendered":"\n<p class=\"has-text-color has-medium-font-size\" style=\"color:#04a44d\"><strong>Un atelier interg\u00e9n\u00e9rationnel : adultes et enfants <strong>&#8230; \u00e0 partir de 4 ans<\/strong><\/strong> jusqu&rsquo;\u00e0 93 ans&#8230;<\/p>\n\n\n\n<p class=\"has-text-color has-link-color has-medium-font-size wp-elements-8b0f52dac1f3635db4199de66e81fd76\" style=\"color:#0d8f25\"><strong>Un atelier diff\u00e9rent, car on  :<\/strong><\/p>\n\n\n\n<ul style=\"font-size:16px\" class=\"wp-block-list\">\n<li>peint \u00e0 la verticale<\/li>\n\n\n\n<li>utilise une palette commune : la table palette <\/li>\n\n\n\n<li>est hors du temps<\/li>\n\n\n\n<li>bouge un corps qui est libre de ces mouvements<\/li>\n\n\n\n<li>mod\u00e8le et peint ce que l&rsquo;on souhaite<\/li>\n\n\n\n<li>comp\u00e9tionne pas!<\/li>\n<\/ul>\n\n\n\n<p class=\"has-text-color\" style=\"color:#017d29;font-size:16px\">Un atelier qui permet d\u2019explorer intuitivement ses propres ressources&nbsp;:<strong> la spontan\u00e9it\u00e9 cr\u00e9atrice<\/strong>. Il rend ais\u00e9 l\u2019acte de tracer, de poser un trait, une couleur\u2026sur un papier et nous connecte au plaisir.<\/p>\n\n\n\n<p class=\"has-black-color has-text-color\" style=\"font-size:16px\">Pour faciliter le l\u00e2cher-prise, les r\u00e9alisations&nbsp;restent \u00e0 l\u2019atelier, j&rsquo;en deviens la gardienne. <em>Un exemple : lorsque vous chantez sous la douche, dans la voiture avec joie et sans contrainte, vous vous enregistrez? Moi non. Pourtant c&rsquo;est spontan\u00e9, riche et beau. A l&rsquo;atelier c&rsquo;est comme dans la voiture mais en plus color\u00e9 !<\/em><\/p>\n\n\n\n<p><strong>Venez me rencontrez :<\/strong><\/p>\n\n\n\n<ul class=\"wp-block-list\">\n<li>Tout commence par une rencontre!<\/li>\n\n\n\n<li>Une n\u00e9cessit\u00e9 avant toute inscription d\u00e9finitive.<\/li>\n\n\n\n<li>A l&rsquo;atelier qui se situe dans la campagne Mouzillonaise sur une ferme,<\/li>\n<\/ul>\n\n\n\n<p style=\"font-size:16px\"><\/p>\n\n\n\n<figure class=\"wp-block-gallery has-nested-images columns-default is-cropped wp-block-gallery-1 is-layout-flex wp-block-gallery-is-layout-flex\">\n<figure class=\"wp-block-image size-large\"><img loading=\"lazy\" decoding=\"async\" width=\"785\" height=\"1024\" data-id=\"7997\" src=\"https:\/\/www.laetitia-tempsdepeindre.fr\/wp-content\/uploads\/2025\/05\/AP2-785x1024.jpg\" alt=\"\" class=\"wp-image-7997\"\/><\/figure>\n\n\n\n<figure class=\"wp-block-image size-large\"><img loading=\"lazy\" decoding=\"async\" width=\"576\" height=\"1024\" data-id=\"7178\" src=\"https:\/\/www.laetitia-tempsdepeindre.fr\/wp-content\/uploads\/2023\/03\/peintureArgile-W-11-576x1024.jpg\" alt=\"\" class=\"wp-image-7178\" srcset=\"https:\/\/www.laetitia-tempsdepeindre.fr\/wp-content\/uploads\/2023\/03\/peintureArgile-W-11-576x1024.jpg 576w, https:\/\/www.laetitia-tempsdepeindre.fr\/wp-content\/uploads\/2023\/03\/peintureArgile-W-11-169x300.jpg 169w, https:\/\/www.laetitia-tempsdepeindre.fr\/wp-content\/uploads\/2023\/03\/peintureArgile-W-11.jpg 600w\" sizes=\"auto, (max-width: 576px) 100vw, 576px\" \/><\/figure>\n\n\n\n<figure class=\"wp-block-image size-large\"><img loading=\"lazy\" decoding=\"async\" width=\"600\" height=\"891\" data-id=\"7179\" src=\"https:\/\/www.laetitia-tempsdepeindre.fr\/wp-content\/uploads\/2023\/03\/peintureArgile-W-10.jpg\" alt=\"\" class=\"wp-image-7179\" srcset=\"https:\/\/www.laetitia-tempsdepeindre.fr\/wp-content\/uploads\/2023\/03\/peintureArgile-W-10.jpg 600w, https:\/\/www.laetitia-tempsdepeindre.fr\/wp-content\/uploads\/2023\/03\/peintureArgile-W-10-202x300.jpg 202w\" sizes=\"auto, (max-width: 600px) 100vw, 600px\" \/><\/figure>\n<\/figure>\n\n\n\n<p><\/p>\n\n\n\n<p><\/p>\n\n\n\n<figure class=\"wp-block-pullquote\"><blockquote><p>La peinture peut \u00eatre un art,<br>Mais elle peut aussi \u00eatre un jeu;<br>Et cela abolit l&rsquo;id\u00e9e d&rsquo;un don,<br>La pr\u00e9occupation de la r\u00e9ussite,<br>La d\u00e9pendance d&rsquo;un public.<br>Ainsi, la trace s&rsquo;accomplit pour le plaisir,<br>Dans sa puissance et sa puret\u00e9.<\/p><cite>arno stern &#8211; le jeu de peindre<\/cite><\/blockquote><\/figure>\n\n\n\n<p><\/p>\n\n\n\n<figure class=\"wp-block-table\"><table class=\"has-fixed-layout\"><tbody><tr><td><strong>INSCRIPTIONS 2025-26<\/strong><\/td><td><\/td><\/tr><\/tbody><\/table><\/figure>\n\n\n\n<figure class=\"wp-block-gallery has-nested-images columns-default is-cropped wp-block-gallery-2 is-layout-flex wp-block-gallery-is-layout-flex\">\n<figure class=\"wp-block-image size-large\"><img loading=\"lazy\" decoding=\"async\" width=\"1024\" height=\"722\" data-id=\"8006\" src=\"https:\/\/www.laetitia-tempsdepeindre.fr\/wp-content\/uploads\/2025\/05\/com2025-26-HorairePA-BiMensuel-hebdo-1024x722.jpg\" alt=\"\" class=\"wp-image-8006\" srcset=\"https:\/\/www.laetitia-tempsdepeindre.fr\/wp-content\/uploads\/2025\/05\/com2025-26-HorairePA-BiMensuel-hebdo-1024x722.jpg 1024w, https:\/\/www.laetitia-tempsdepeindre.fr\/wp-content\/uploads\/2025\/05\/com2025-26-HorairePA-BiMensuel-hebdo-300x211.jpg 300w, https:\/\/www.laetitia-tempsdepeindre.fr\/wp-content\/uploads\/2025\/05\/com2025-26-HorairePA-BiMensuel-hebdo-768x541.jpg 768w, https:\/\/www.laetitia-tempsdepeindre.fr\/wp-content\/uploads\/2025\/05\/com2025-26-HorairePA-BiMensuel-hebdo-1536x1083.jpg 1536w, https:\/\/www.laetitia-tempsdepeindre.fr\/wp-content\/uploads\/2025\/05\/com2025-26-HorairePA-BiMensuel-hebdo-2048x1444.jpg 2048w\" sizes=\"auto, (max-width: 1024px) 100vw, 1024px\" \/><\/figure>\n\n\n\n<figure class=\"wp-block-image size-large\"><img loading=\"lazy\" decoding=\"async\" width=\"800\" height=\"564\" data-id=\"8094\" src=\"https:\/\/www.laetitia-tempsdepeindre.fr\/wp-content\/uploads\/2025\/09\/com2025-26-HorairePA-TSles15.jpg\" alt=\"\" class=\"wp-image-8094\" srcset=\"https:\/\/www.laetitia-tempsdepeindre.fr\/wp-content\/uploads\/2025\/09\/com2025-26-HorairePA-TSles15.jpg 800w, https:\/\/www.laetitia-tempsdepeindre.fr\/wp-content\/uploads\/2025\/09\/com2025-26-HorairePA-TSles15-300x212.jpg 300w, https:\/\/www.laetitia-tempsdepeindre.fr\/wp-content\/uploads\/2025\/09\/com2025-26-HorairePA-TSles15-768x541.jpg 768w\" sizes=\"auto, (max-width: 800px) 100vw, 800px\" \/><\/figure>\n<\/figure>\n\n\n\n<p class=\"has-black-color has-text-color has-link-color wp-elements-7af43e3fa22be37e35bdbab231306b2b\">La s\u00e9ance manqu\u00e9e est r\u00e9cup\u00e9rable sur un autre cr\u00e9neau<\/p>\n\n\n\n<p class=\"has-black-color has-text-color has-link-color wp-elements-1ffe9f24f4bc07d6a98471a0b04a4d48\">Toute inscription \u00e0 l&rsquo;ann\u00e9e ouvre l&rsquo;acc\u00e8s \u00e0 un atelier gratuit , sur les vacances<\/p>\n\n\n\n<p class=\"has-black-color has-text-color has-link-color wp-elements-753e5bdd0f5576ee00fceaa52e9b635c\">Tarif r\u00e9duit : -10% pour les famille et demandeur d&#8217;emploi<\/p>\n\n\n\n<p class=\"has-black-color has-text-color has-link-color wp-elements-ad044d45bc15061e07b4de02aaaff2a2\">Possibilit\u00e9 de payer en plusieurs fois<\/p>\n\n\n\n<pre class=\"wp-block-verse\"><\/pre>\n\n\n\n<p><\/p>\n","protected":false},"excerpt":{"rendered":"<p>Un atelier interg\u00e9n\u00e9rationnel : adultes et enfants &#8230; \u00e0 partir de 4 ans jusqu&rsquo;\u00e0 93 ans&#8230; Un atelier diff\u00e9rent, car [&hellip;]<\/p>\n","protected":false},"author":2,"featured_media":0,"parent":0,"menu_order":0,"comment_status":"closed","ping_status":"closed","template":"","meta":{"footnotes":""},"class_list":["post-143","page","type-page","status-publish","hentry"],"aioseo_notices":[],"_links":{"self":[{"href":"https:\/\/www.laetitia-tempsdepeindre.fr\/index.php\/wp-json\/wp\/v2\/pages\/143","targetHints":{"allow":["GET"]}}],"collection":[{"href":"https:\/\/www.laetitia-tempsdepeindre.fr\/index.php\/wp-json\/wp\/v2\/pages"}],"about":[{"href":"https:\/\/www.laetitia-tempsdepeindre.fr\/index.php\/wp-json\/wp\/v2\/types\/page"}],"author":[{"embeddable":true,"href":"https:\/\/www.laetitia-tempsdepeindre.fr\/index.php\/wp-json\/wp\/v2\/users\/2"}],"replies":[{"embeddable":true,"href":"https:\/\/www.laetitia-tempsdepeindre.fr\/index.php\/wp-json\/wp\/v2\/comments?post=143"}],"version-history":[{"count":80,"href":"https:\/\/www.laetitia-tempsdepeindre.fr\/index.php\/wp-json\/wp\/v2\/pages\/143\/revisions"}],"predecessor-version":[{"id":8165,"href":"https:\/\/www.laetitia-tempsdepeindre.fr\/index.php\/wp-json\/wp\/v2\/pages\/143\/revisions\/8165"}],"wp:attachment":[{"href":"https:\/\/www.laetitia-tempsdepeindre.fr\/index.php\/wp-json\/wp\/v2\/media?parent=143"}],"curies":[{"name":"wp","href":"https:\/\/api.w.org\/{rel}","templated":true}]}}