{"id":184,"date":"2017-08-02T10:06:18","date_gmt":"2017-08-02T09:06:18","guid":{"rendered":"http:\/\/www.laetitia-tempsdepeindre.fr\/?page_id=184"},"modified":"2019-10-01T08:36:18","modified_gmt":"2019-10-01T07:36:18","slug":"atelier-jeu-de-peindre","status":"publish","type":"page","link":"https:\/\/www.laetitia-tempsdepeindre.fr\/index.php\/atelier-jeu-de-peindre\/","title":{"rendered":"le \u00ab\u00a0Jeu de Peindre\u00a0\u00bb"},"content":{"rendered":"<h4><span style=\"color: #ff6600;\">L&rsquo;atelier, espace de libert\u00e9<\/span><\/h4>\n<table style=\"height: 1214px; width: 859px;\" cellpadding=\"0\">\n<tbody>\n<tr style=\"height: 460px;\">\n<td style=\"width: 384.45px; height: 355px;\"><span style=\"color: #ff6600;\"><strong>Rentrer dans un lieu \u00e9tonnant<\/strong><\/span><\/p>\n<p><span style=\"color: #198a8a;\">Un instrument central : la table-palette avec ses 18 couleurs et ses pinceaux.<\/span><\/td>\n<td style=\"width: 466.55px; text-align: center; height: 355px;\"><img loading=\"lazy\" decoding=\"async\" class=\"alignnone size-medium wp-image-381\" src=\"https:\/\/www.laetitia-tempsdepeindre.fr\/wp-content\/uploads\/2017\/08\/atelier1-300x225.jpg\" alt=\"\" width=\"300\" height=\"225\" \/><\/td>\n<\/tr>\n<tr style=\"height: 500px;\">\n<td style=\"width: 384.45px; height: 140px;\"><strong><span style=\"color: #ff6600;\">S&rsquo;installer,<\/span><\/strong><\/p>\n<p><span style=\"color: #198a8a;\">\u00c0\u00a0 son rythme dans un lieu o\u00f9 tout est facilit\u00e9 pour acc\u00e9der simplement \u00e0 l&rsquo;acte de peindre<\/span><\/td>\n<td style=\"text-align: center; width: 466.55px; height: 140px;\"><img loading=\"lazy\" decoding=\"async\" class=\"alignnone size-medium wp-image-376\" src=\"https:\/\/www.laetitia-tempsdepeindre.fr\/wp-content\/uploads\/2017\/08\/sinstaller1-300x225.jpg\" alt=\"\" width=\"300\" height=\"225\" \/><\/td>\n<\/tr>\n<tr style=\"height: 380px;\">\n<td style=\"width: 384.45px; height: 339px;\"><span style=\"color: #ff6600;\"><strong>Peindre<\/strong><\/span><\/p>\n<p><span style=\"color: #198a8a;\"> au sein d&rsquo;un groupe interg\u00e9n\u00e9rationnel.<\/span><\/p>\n<p><span style=\"color: #008080;\">Un<strong> cadre serein<\/strong> et constant, en dehors de toutes pressions ext\u00e9rieures o\u00f9 l&rsquo;on fait l&rsquo;exp\u00e9rience de la <strong><a style=\"color: #008080;\" href=\"http:\/\/arnostern.com\/fr\/semiologie.htm\">Trace-Expression<\/a><\/strong>.<\/span><\/td>\n<td style=\"text-align: center; width: 466.55px; height: 339px;\"><img loading=\"lazy\" decoding=\"async\" class=\"alignnone size-medium wp-image-391\" src=\"https:\/\/www.laetitia-tempsdepeindre.fr\/wp-content\/uploads\/2017\/08\/peindre5-300x225.jpg\" alt=\"\" width=\"300\" height=\"225\" \/><\/td>\n<\/tr>\n<tr style=\"height: 380px;\">\n<td style=\"width: 384.45px; height: 380px;\"><span style=\"color: #ff6600;\"><strong>La praticienne<\/strong><\/span><\/p>\n<p><span style=\"color: #198a8a;\">Accompagne le geste, la personne<\/span><\/p>\n<p><span style=\"color: #198a8a;\">Veille au respect du cadre, de l&rsquo;utilisation de la table palette. Peindre en toute confiance dans un lieu o\u00f9 l&rsquo;on s&rsquo;occupe de vous.<br \/>\n<\/span><\/td>\n<td style=\"text-align: center; width: 466.55px; height: 380px;\"><img loading=\"lazy\" decoding=\"async\" class=\"alignnone size-medium wp-image-397\" src=\"https:\/\/www.laetitia-tempsdepeindre.fr\/wp-content\/uploads\/2017\/08\/praticienne3-225x300.jpg\" alt=\"\" width=\"225\" height=\"300\" \/><\/td>\n<\/tr>\n<\/tbody>\n<\/table>\n<h3><span style=\"color: #ff6600;\"><strong>C&rsquo;est faire sans le souci de plaire.<\/strong><\/span><\/h3>\n<p><img loading=\"lazy\" decoding=\"async\" class=\" wp-image-884 alignleft\" src=\"https:\/\/www.laetitia-tempsdepeindre.fr\/wp-content\/uploads\/2019\/04\/main-trace8-W-132x300.jpg\" alt=\"\" width=\"145\" height=\"330\" srcset=\"https:\/\/www.laetitia-tempsdepeindre.fr\/wp-content\/uploads\/2019\/04\/main-trace8-W-132x300.jpg 132w, https:\/\/www.laetitia-tempsdepeindre.fr\/wp-content\/uploads\/2019\/04\/main-trace8-W-451x1024.jpg 451w, https:\/\/www.laetitia-tempsdepeindre.fr\/wp-content\/uploads\/2019\/04\/main-trace8-W.jpg 500w\" sizes=\"auto, (max-width: 145px) 100vw, 145px\" \/><span style=\"color: #198a8a;\">Le Jeu de Peindre permet \u00e0 l&rsquo;Enfant et l&rsquo;adulte de recr\u00e9er son monde, \u00e0 sa mesure et ainsi de le comprendre par le moyen tangible de l&rsquo;acte de Peindre. Ce Jeu n\u00e9cessite une grande rigueur et mobilise pour cela de la concentration. La libert\u00e9 de tracer les figures qui nous viennent naturellement na\u00eet de cette rigueur et de la structure du lieu.<\/span><\/p>\n<p><span style=\"color: #198a8a;\"><strong>Le Jeu de Peindre permet \u00e0 la personne d&rsquo;y d\u00e9velopper de vraies aptitudes telles que la concentration, l&rsquo;autonomie, l&rsquo;audace, la confiance en soi et l&rsquo;assurance et cela gr\u00e2ce \u00e0 la pr\u00e9sence stimulante du Servant.<\/strong><\/span><\/p>\n<h5 class=\"western\"><strong><span style=\"color: #ff6600;\">Rythme 2019 :<\/span><\/strong><\/h5>\n<ul>\n<li><span style=\"color: #198a8a;\">atelier sur demande et in situ<br \/>\n<\/span><\/li>\n<li><span style=\"color: #008080;\">stage de 2\/3 ateliers sur Saint-Nazaire<\/span><\/li>\n<\/ul>\n<p><span style=\"color: #198a8a;\"><strong>importance de pr\u00e9voir 4 \u00e0 5 s\u00e9ance pour rentrer dans le rythme et les bienfaits de cet atelier si sp\u00e9cifique <\/strong>:<br \/>\n<\/span><\/p>\n<p><iframe loading=\"lazy\" src=\"https:\/\/www.youtube.com\/embed\/2YyBSjGa1I8?rel=0\" width=\"640\" height=\"360\" frameborder=\"0\" allowfullscreen=\"allowfullscreen\"><\/iframe><\/p>\n<p><span style=\"color: #006363;\">vid\u00e9o du Prof. Dr. Gerald H\u00fcther :<\/span><br \/>\n<iframe loading=\"lazy\" src=\"https:\/\/www.youtube.com\/embed\/IGQ9i-xdruc?rel=0\" width=\"640\" height=\"360\" frameborder=\"0\" allowfullscreen=\"allowfullscreen\"><\/iframe><\/p>\n","protected":false},"excerpt":{"rendered":"<p>L&rsquo;atelier, espace de libert\u00e9 Rentrer dans un lieu \u00e9tonnant Un instrument central : la table-palette avec ses 18 couleurs et [&hellip;]<\/p>\n","protected":false},"author":1,"featured_media":0,"parent":0,"menu_order":0,"comment_status":"closed","ping_status":"closed","template":"","meta":{"footnotes":""},"class_list":["post-184","page","type-page","status-publish","hentry"],"aioseo_notices":[],"_links":{"self":[{"href":"https:\/\/www.laetitia-tempsdepeindre.fr\/index.php\/wp-json\/wp\/v2\/pages\/184","targetHints":{"allow":["GET"]}}],"collection":[{"href":"https:\/\/www.laetitia-tempsdepeindre.fr\/index.php\/wp-json\/wp\/v2\/pages"}],"about":[{"href":"https:\/\/www.laetitia-tempsdepeindre.fr\/index.php\/wp-json\/wp\/v2\/types\/page"}],"author":[{"embeddable":true,"href":"https:\/\/www.laetitia-tempsdepeindre.fr\/index.php\/wp-json\/wp\/v2\/users\/1"}],"replies":[{"embeddable":true,"href":"https:\/\/www.laetitia-tempsdepeindre.fr\/index.php\/wp-json\/wp\/v2\/comments?post=184"}],"version-history":[{"count":48,"href":"https:\/\/www.laetitia-tempsdepeindre.fr\/index.php\/wp-json\/wp\/v2\/pages\/184\/revisions"}],"predecessor-version":[{"id":942,"href":"https:\/\/www.laetitia-tempsdepeindre.fr\/index.php\/wp-json\/wp\/v2\/pages\/184\/revisions\/942"}],"wp:attachment":[{"href":"https:\/\/www.laetitia-tempsdepeindre.fr\/index.php\/wp-json\/wp\/v2\/media?parent=184"}],"curies":[{"name":"wp","href":"https:\/\/api.w.org\/{rel}","templated":true}]}}