{"id":6767,"date":"2022-07-29T11:13:09","date_gmt":"2022-07-29T10:13:09","guid":{"rendered":"http:\/\/www.laetitia-tempsdepeindre.fr\/?page_id=6767"},"modified":"2025-08-20T11:09:33","modified_gmt":"2025-08-20T10:09:33","slug":"les-balades-dessinees","status":"publish","type":"page","link":"https:\/\/www.laetitia-tempsdepeindre.fr\/index.php\/les-balades-dessinees\/","title":{"rendered":"Nature &amp; Peinture"},"content":{"rendered":"\n<p>C\u2019est <br><strong>Explorer le vivant<\/strong> \u00e0 travers une balade dans la Nature et une immersion tranquille en atelier pour cr\u00e9er \u00e0 son rythme.<\/p>\n\n\n\n<p>Et ainsi retranscrire nos sensations comme une valeur essentielle de la palette.<\/p>\n\n\n\n<p class=\"has-text-color has-link-color wp-elements-1c24fb3b2fcde94a4356f76649a9986b\" style=\"color:#005131\"><strong><mark style=\"background-color:rgba(0, 0, 0, 0)\" class=\"has-inline-color has-luminous-vivid-orange-color\">Afin de rendre l&rsquo;acte de retranscription plus fluide, voici le d\u00e9roul\u00e9 de la s\u00e9ance <\/mark><\/strong>:<\/p>\n\n\n\n<ul style=\"color:#005131\" class=\"wp-block-list has-text-color has-link-color wp-elements-b8b9c179a560883cb79e8dab4338a94a\">\n<li class=\"has-text-color has-link-color wp-elements-cd38fa241a1f66d79b7905c61e27ac5f\" style=\"color:#005131\"><mark style=\"background-color:rgba(0, 0, 0, 0)\" class=\"has-inline-color has-luminous-vivid-orange-color\">accueil, 15mn avant le d\u00e9part de la balade<\/mark><\/li>\n\n\n\n<li class=\"has-text-color has-link-color wp-elements-32879fd10cb8942356227851cce00e37\" style=\"color:#005131\"><mark style=\"background-color:rgba(0, 0, 0, 0)\" class=\"has-inline-color has-luminous-vivid-orange-color\">immersion de 15-20 mn dans la nature<\/mark><\/li>\n\n\n\n<li class=\"has-text-color has-link-color wp-elements-9213b655f3fc254a182ea84ce30fe08f\" style=\"color:#005131\"><mark style=\"background-color:rgba(0, 0, 0, 0)\" class=\"has-inline-color has-luminous-vivid-orange-color\">retranscription dans l&rsquo;atelier avec les outils \u00e0 votre disposition : argile, peinture et dessin , en fonction de la p\u00e9riode (possibilit\u00e9 que la balade dessin\u00e9e se d\u00e9roule enti\u00e8rement \u00e0 l&rsquo;ext\u00e9rieur)<\/mark><\/li>\n<\/ul>\n\n\n\n<p><br>Mettre en lumi\u00e8re ce qui nous entoure : un paysage, un arbre, un chemin, de l\u2019eau\u2026c&rsquo;est tout un jeu subtil.<br>Dessiner c\u2019est traduire ce que l\u2019on voit et observe en : lignes, courbes, points\u2026<br>Cela s\u2019acquiert en laissant \u00e9merger nos propres capacit\u00e9s :<br>\u2026loin de la photocopieuse et du rythme parfois effr\u00e9n\u00e9 de la journ\u00e9e,<br>nous prenons le temps de nous ancrer, dessiner avec ce que l\u2019on Est.<\/p>\n\n\n\n<div class=\"wp-block-group\"><div class=\"wp-block-group__inner-container is-layout-flow wp-block-group-is-layout-flow\">\n<figure class=\"wp-block-gallery has-nested-images columns-default is-cropped wp-block-gallery-1 is-layout-flex wp-block-gallery-is-layout-flex\">\n<figure class=\"wp-block-image size-large\"><img loading=\"lazy\" decoding=\"async\" width=\"800\" height=\"1422\" data-id=\"6768\" src=\"https:\/\/www.laetitia-tempsdepeindre.fr\/wp-content\/uploads\/2022\/07\/baladeDessinee-1-W.jpg\" alt=\"\" class=\"wp-image-6768\" srcset=\"https:\/\/www.laetitia-tempsdepeindre.fr\/wp-content\/uploads\/2022\/07\/baladeDessinee-1-W.jpg 800w, https:\/\/www.laetitia-tempsdepeindre.fr\/wp-content\/uploads\/2022\/07\/baladeDessinee-1-W-169x300.jpg 169w, https:\/\/www.laetitia-tempsdepeindre.fr\/wp-content\/uploads\/2022\/07\/baladeDessinee-1-W-576x1024.jpg 576w, https:\/\/www.laetitia-tempsdepeindre.fr\/wp-content\/uploads\/2022\/07\/baladeDessinee-1-W-768x1365.jpg 768w\" sizes=\"auto, (max-width: 800px) 100vw, 800px\" \/><figcaption class=\"wp-element-caption\">le son de l&rsquo;eau <\/figcaption><\/figure>\n\n\n\n<figure class=\"wp-block-image size-large\"><img loading=\"lazy\" decoding=\"async\" width=\"576\" height=\"1024\" data-id=\"7658\" src=\"https:\/\/www.laetitia-tempsdepeindre.fr\/wp-content\/uploads\/2024\/03\/peintureArgile-W-11-576x1024.jpg\" alt=\"\" class=\"wp-image-7658\" srcset=\"https:\/\/www.laetitia-tempsdepeindre.fr\/wp-content\/uploads\/2024\/03\/peintureArgile-W-11-576x1024.jpg 576w, https:\/\/www.laetitia-tempsdepeindre.fr\/wp-content\/uploads\/2024\/03\/peintureArgile-W-11-169x300.jpg 169w, https:\/\/www.laetitia-tempsdepeindre.fr\/wp-content\/uploads\/2024\/03\/peintureArgile-W-11.jpg 600w\" sizes=\"auto, (max-width: 576px) 100vw, 576px\" \/><\/figure>\n\n\n\n<figure class=\"wp-block-image size-full\"><img loading=\"lazy\" decoding=\"async\" width=\"600\" height=\"977\" data-id=\"7520\" src=\"https:\/\/www.laetitia-tempsdepeindre.fr\/wp-content\/uploads\/2023\/12\/atelierNature-3W.jpg\" alt=\"\" class=\"wp-image-7520\" srcset=\"https:\/\/www.laetitia-tempsdepeindre.fr\/wp-content\/uploads\/2023\/12\/atelierNature-3W.jpg 600w, https:\/\/www.laetitia-tempsdepeindre.fr\/wp-content\/uploads\/2023\/12\/atelierNature-3W-184x300.jpg 184w\" sizes=\"auto, (max-width: 600px) 100vw, 600px\" \/><figcaption class=\"wp-element-caption\">la retranscription &#8230; toute une histoire!<\/figcaption><\/figure>\n<\/figure>\n<\/div><\/div>\n\n\n\n<hr class=\"wp-block-separator has-alpha-channel-opacity\"\/>\n\n\n\n<h2 class=\"wp-block-heading has-text-color\" style=\"color:#05994d\">Informations pratiques <\/h2>\n\n\n\n<p class=\"has-text-color\" style=\"color:#005131\"><strong>P\u00e9riode<\/strong> : \u00e0 l&rsquo;ann\u00e9e<\/p>\n\n\n\n<p class=\"has-text-color\" style=\"color:#005131\"><strong>Cr\u00e9neaux <\/strong>: vendredi 18h45 \/20h30 d&rsquo;avril \u00e0 septembre et le samedi 10h \/ 11h45 d\u2019octobre \u00e0 mars. RDV 10mn avant le d\u00e9but<\/p>\n\n\n\n<p class=\"has-text-color has-link-color wp-elements-c8091a16d0984f407e0400cde3e8bc7b\" style=\"color:#005131\"><strong>Dates \u00e0 venir <\/strong>: vendredi 5 septembre 18h45 \/20h30 <\/p>\n\n\n\n<p class=\"has-text-color\" style=\"color:#005131\"><strong>Tenue <\/strong>: adapt\u00e9e \u00e0 la marche et au temps<\/p>\n\n\n\n<p class=\"has-text-color\" style=\"color:#005131\"><strong>Pour qui ?<\/strong> : tous publics, \u00e0 partir de 6 ans<\/p>\n\n\n\n<p class=\"has-text-color\" style=\"color:#005131\"><strong>Tarifs<\/strong> : 18\u20ac \u00e0 la s\u00e9ance, et 25\u20ac le duo, 16\u20ac l&rsquo;inscription pour 5 balades et 15\u20ac l&rsquo;inscription pour 10 balades <\/p>\n\n\n\n<p class=\"has-text-color\" style=\"color:#005131\"><strong>Lieu <\/strong>: Mouzillon sur les fermes des jardins de la Sangu\u00e8ze et Mouzill&rsquo;oeufs dans le local \u00ab\u00a0atelier couleur\u00a0\u00bb<\/p>\n\n\n\n<p class=\"has-text-color\" style=\"color:#005131\"><strong>Mat\u00e9riel<\/strong> : fourni<\/p>\n\n\n\n<p class=\"has-text-color\" style=\"color:#005131\"><strong>inscription<\/strong> : obligatoire aupr\u00e8s de Laetitia DavyBourget- au 06 88 03 79 44 ou par mail contact@laetitia-tempsdepeindre.fr<\/p>\n\n\n\n<p class=\"has-text-color\" style=\"color:#005131\"><\/p>\n\n\n\n<p><\/p>\n\n\n\n<p><\/p>\n","protected":false},"excerpt":{"rendered":"<p>C\u2019est Explorer le vivant \u00e0 travers une balade dans la Nature et une immersion tranquille en atelier pour cr\u00e9er \u00e0 [&hellip;]<\/p>\n","protected":false},"author":1,"featured_media":0,"parent":0,"menu_order":0,"comment_status":"closed","ping_status":"closed","template":"","meta":{"footnotes":""},"class_list":["post-6767","page","type-page","status-publish","hentry"],"aioseo_notices":[],"_links":{"self":[{"href":"https:\/\/www.laetitia-tempsdepeindre.fr\/index.php\/wp-json\/wp\/v2\/pages\/6767","targetHints":{"allow":["GET"]}}],"collection":[{"href":"https:\/\/www.laetitia-tempsdepeindre.fr\/index.php\/wp-json\/wp\/v2\/pages"}],"about":[{"href":"https:\/\/www.laetitia-tempsdepeindre.fr\/index.php\/wp-json\/wp\/v2\/types\/page"}],"author":[{"embeddable":true,"href":"https:\/\/www.laetitia-tempsdepeindre.fr\/index.php\/wp-json\/wp\/v2\/users\/1"}],"replies":[{"embeddable":true,"href":"https:\/\/www.laetitia-tempsdepeindre.fr\/index.php\/wp-json\/wp\/v2\/comments?post=6767"}],"version-history":[{"count":23,"href":"https:\/\/www.laetitia-tempsdepeindre.fr\/index.php\/wp-json\/wp\/v2\/pages\/6767\/revisions"}],"predecessor-version":[{"id":8065,"href":"https:\/\/www.laetitia-tempsdepeindre.fr\/index.php\/wp-json\/wp\/v2\/pages\/6767\/revisions\/8065"}],"wp:attachment":[{"href":"https:\/\/www.laetitia-tempsdepeindre.fr\/index.php\/wp-json\/wp\/v2\/media?parent=6767"}],"curies":[{"name":"wp","href":"https:\/\/api.w.org\/{rel}","templated":true}]}}