{"id":6778,"date":"2022-07-29T12:05:49","date_gmt":"2022-07-29T11:05:49","guid":{"rendered":"http:\/\/www.laetitia-tempsdepeindre.fr\/?page_id=6778"},"modified":"2024-02-29T15:33:09","modified_gmt":"2024-02-29T14:33:09","slug":"atelier-peinture-corporelle","status":"publish","type":"page","link":"https:\/\/www.laetitia-tempsdepeindre.fr\/index.php\/atelier-peinture-corporelle\/","title":{"rendered":"Atelier peinture corporelle"},"content":{"rendered":"\n<p><\/p>\n\n\n\n<p>C\u2019est poser de la peinture avec un pinceau sur une partie de notre corps : mains, bras visage ou jambe. Le ressenti se rapproche d\u2019un massage d\u2019une profondeur et d\u2019une pr\u00e9cision d\u2019orf\u00e8vre.<br>On se pare, s\u2019orne de couleurs dans l\u2019inspiration du moment. Vous seuls pouvez savoir ce qui est juste, je vous accompagne si vous le d\u00e9sirez, \u00e0 le faire \u00e9merger.<br>Le choix de la zone de son corps \u00e0 peindre se fait dans \u00ab\u00a0l\u2019accueil du pr\u00e9sent\u00a0\u00bb.<\/p>\n\n\n\n<figure class=\"wp-block-gallery has-nested-images columns-default is-cropped wp-block-gallery-1 is-layout-flex wp-block-gallery-is-layout-flex\">\n<figure class=\"wp-block-image size-large\"><img loading=\"lazy\" decoding=\"async\" width=\"741\" height=\"1024\" data-id=\"6780\" src=\"https:\/\/www.laetitia-tempsdepeindre.fr\/wp-content\/uploads\/2022\/07\/peintureCorporelle-1W-741x1024.jpg\" alt=\"\" class=\"wp-image-6780\" srcset=\"https:\/\/www.laetitia-tempsdepeindre.fr\/wp-content\/uploads\/2022\/07\/peintureCorporelle-1W-741x1024.jpg 741w, https:\/\/www.laetitia-tempsdepeindre.fr\/wp-content\/uploads\/2022\/07\/peintureCorporelle-1W-217x300.jpg 217w, https:\/\/www.laetitia-tempsdepeindre.fr\/wp-content\/uploads\/2022\/07\/peintureCorporelle-1W-768x1062.jpg 768w, https:\/\/www.laetitia-tempsdepeindre.fr\/wp-content\/uploads\/2022\/07\/peintureCorporelle-1W.jpg 800w\" sizes=\"auto, (max-width: 741px) 100vw, 741px\" \/><\/figure>\n\n\n\n<figure class=\"wp-block-image size-large\"><img loading=\"lazy\" decoding=\"async\" width=\"258\" height=\"437\" data-id=\"6779\" src=\"https:\/\/www.laetitia-tempsdepeindre.fr\/wp-content\/uploads\/2022\/07\/peintureCorporelle-2W.jpg\" alt=\"\" class=\"wp-image-6779\" srcset=\"https:\/\/www.laetitia-tempsdepeindre.fr\/wp-content\/uploads\/2022\/07\/peintureCorporelle-2W.jpg 258w, https:\/\/www.laetitia-tempsdepeindre.fr\/wp-content\/uploads\/2022\/07\/peintureCorporelle-2W-177x300.jpg 177w\" sizes=\"auto, (max-width: 258px) 100vw, 258px\" \/><\/figure>\n\n\n\n<figure class=\"wp-block-image size-large\"><img loading=\"lazy\" decoding=\"async\" width=\"576\" height=\"1024\" data-id=\"6781\" src=\"https:\/\/www.laetitia-tempsdepeindre.fr\/wp-content\/uploads\/2022\/07\/peintureCorporelle-3W-576x1024.jpg\" alt=\"\" class=\"wp-image-6781\" srcset=\"https:\/\/www.laetitia-tempsdepeindre.fr\/wp-content\/uploads\/2022\/07\/peintureCorporelle-3W-576x1024.jpg 576w, https:\/\/www.laetitia-tempsdepeindre.fr\/wp-content\/uploads\/2022\/07\/peintureCorporelle-3W-169x300.jpg 169w, https:\/\/www.laetitia-tempsdepeindre.fr\/wp-content\/uploads\/2022\/07\/peintureCorporelle-3W-768x1365.jpg 768w, https:\/\/www.laetitia-tempsdepeindre.fr\/wp-content\/uploads\/2022\/07\/peintureCorporelle-3W.jpg 800w\" sizes=\"auto, (max-width: 576px) 100vw, 576px\" \/><\/figure>\n<\/figure>\n\n\n\n<p><\/p>\n\n\n\n<p><\/p>\n\n\n\n<p><strong>Atelier en individuel et\/ ou en collectif<\/strong><\/p>\n\n\n\n<p>Renseignement aupr\u00e8s de Laetitia 06 88 03 79 44<\/p>\n","protected":false},"excerpt":{"rendered":"<p>C\u2019est poser de la peinture avec un pinceau sur une partie de notre corps : mains, bras visage ou jambe. [&hellip;]<\/p>\n","protected":false},"author":1,"featured_media":0,"parent":0,"menu_order":0,"comment_status":"closed","ping_status":"closed","template":"","meta":{"footnotes":""},"class_list":["post-6778","page","type-page","status-publish","hentry"],"aioseo_notices":[],"_links":{"self":[{"href":"https:\/\/www.laetitia-tempsdepeindre.fr\/index.php\/wp-json\/wp\/v2\/pages\/6778","targetHints":{"allow":["GET"]}}],"collection":[{"href":"https:\/\/www.laetitia-tempsdepeindre.fr\/index.php\/wp-json\/wp\/v2\/pages"}],"about":[{"href":"https:\/\/www.laetitia-tempsdepeindre.fr\/index.php\/wp-json\/wp\/v2\/types\/page"}],"author":[{"embeddable":true,"href":"https:\/\/www.laetitia-tempsdepeindre.fr\/index.php\/wp-json\/wp\/v2\/users\/1"}],"replies":[{"embeddable":true,"href":"https:\/\/www.laetitia-tempsdepeindre.fr\/index.php\/wp-json\/wp\/v2\/comments?post=6778"}],"version-history":[{"count":11,"href":"https:\/\/www.laetitia-tempsdepeindre.fr\/index.php\/wp-json\/wp\/v2\/pages\/6778\/revisions"}],"predecessor-version":[{"id":7650,"href":"https:\/\/www.laetitia-tempsdepeindre.fr\/index.php\/wp-json\/wp\/v2\/pages\/6778\/revisions\/7650"}],"wp:attachment":[{"href":"https:\/\/www.laetitia-tempsdepeindre.fr\/index.php\/wp-json\/wp\/v2\/media?parent=6778"}],"curies":[{"name":"wp","href":"https:\/\/api.w.org\/{rel}","templated":true}]}}