{"id":6791,"date":"2022-08-01T08:50:42","date_gmt":"2022-08-01T07:50:42","guid":{"rendered":"http:\/\/www.laetitia-tempsdepeindre.fr\/?page_id=6791"},"modified":"2024-06-06T17:58:33","modified_gmt":"2024-06-06T16:58:33","slug":"atelier-petite-enfance","status":"publish","type":"page","link":"https:\/\/www.laetitia-tempsdepeindre.fr\/index.php\/atelier-petite-enfance\/","title":{"rendered":"La cr\u00e9ativit\u00e9 chez le tout petit"},"content":{"rendered":"<div class=\"wp-block-image\">\n<figure class=\"aligncenter size-large is-resized\"><img loading=\"lazy\" decoding=\"async\" width=\"1024\" height=\"358\" src=\"https:\/\/www.laetitia-tempsdepeindre.fr\/wp-content\/uploads\/2019\/11\/PE-1-1024x358.jpg\" alt=\"\" class=\"wp-image-1008\" style=\"width:862px;height:301px\" srcset=\"https:\/\/www.laetitia-tempsdepeindre.fr\/wp-content\/uploads\/2019\/11\/PE-1-1024x358.jpg 1024w, https:\/\/www.laetitia-tempsdepeindre.fr\/wp-content\/uploads\/2019\/11\/PE-1-300x105.jpg 300w, https:\/\/www.laetitia-tempsdepeindre.fr\/wp-content\/uploads\/2019\/11\/PE-1-768x269.jpg 768w, https:\/\/www.laetitia-tempsdepeindre.fr\/wp-content\/uploads\/2019\/11\/PE-1-945x330.jpg 945w, https:\/\/www.laetitia-tempsdepeindre.fr\/wp-content\/uploads\/2019\/11\/PE-1-600x210.jpg 600w\" sizes=\"auto, (max-width: 1024px) 100vw, 1024px\" \/><figcaption class=\"wp-element-caption\">La pr\u00e9cision et le champ des possibles est \u00e0 tout moment pr\u00e9sent dans le Jeu<\/figcaption><\/figure>\n<\/div>\n\n\n<p class=\"has-text-color\" style=\"color:#0709bb\"><strong>Formule \u00ab\u00a0FORMATION\u00a0\u00bb pour tous les adultes souhaitant accompagner le jeu de l&rsquo;enfant<\/strong><br><\/p>\n\n\n\n<p class=\"has-text-align-center has-text-color has-large-font-size\" style=\"color:#0f1fc9\">\u00ab\u00a0un nouveau regard sur le jeu de l&rsquo;enfant\u00a0\u00bb<\/p>\n\n\n\n<p><strong>Accompagner<\/strong><strong> l\u2019enfant dans sa <\/strong><strong>cr\u00e9ativ<\/strong><strong>it\u00e9<\/strong><\/p>\n\n\n\n<p>En recherche d&rsquo;\u00e9quilibre et d&rsquo;espace color\u00e9, curieux de l&rsquo;inconnu, vous avez envie de d\u00e9couvrir des nouvelles pratiques cr\u00e9atives; Vous \u00eates pr\u00eats \u00e0 cr\u00e9er avec votre enfant, \u00eates ouverts au changement et avez envie de go\u00fbter pleinement la pr\u00e9ciosit\u00e9 du lien avec l\u2019enfant\u00a0? Alors c&rsquo;est par ici\u00a0! Je vous propose :<\/p>\n\n\n\n<p>Une formation alliant&nbsp;:<\/p>\n\n\n\n<ul class=\"wp-block-list\">\n<li>la th\u00e9orie<\/li>\n\n\n\n<li>l\u2019observation<\/li>\n\n\n\n<li>les ateliers avec des \/ votre-s enfant-s,<\/li>\n\n\n\n<li>la pratique, en s\u00e9ance sans enfant<\/li>\n<\/ul>\n\n\n\n<p>Cette formation repose sur&nbsp;:<\/p>\n\n\n\n<ul class=\"wp-block-list\">\n<li>les capacit\u00e9s inn\u00e9es de l\u2019enfance<\/li>\n\n\n\n<li>la qualit\u00e9 d\u2019observation<\/li>\n\n\n\n<li>la s\u00e9miologie de l\u2019expression \u2013 Arno Stern<\/li>\n\n\n\n<li>la parentalit\u00e9&nbsp;: port d\u2019attache \/ une nouvelle attitude \/\/ intervention H.Bonnet \u00ab&nbsp; asso Histoires de parents&nbsp;\u00bb<\/li>\n<\/ul>\n\n\n\n<p>Cette formation est unique en soi, et Innovante dans son approche, son application, son exploration : elle est riche de sp\u00e9cificit\u00e9s que vous d\u00e9couvrirez \u00e0 travers les outils, le cadre, l&rsquo;installation, et l&rsquo;accompagnement propos\u00e9<\/p>\n\n\n\n<p>Durant cette formation, les \u00e9changes que nous aurons nous permettront de nous questionner sur \u00ab\u00a0c\u2019est quoi la cr\u00e9ativit\u00e9\u00a0? La trace chez le tout petit\u00a0? un cadre contenant?..\u00a0\u00bb et nous r\u00e9pondrons \u00e0 des questions comme\u00a0:\u00abpourquoi il ne fait que \u00ab\u00a0<em>gribouiller<\/em>\u00a0\u00bb\u00a0?\u00a0\u00bb, \u00abil bouge tout le temps, c\u2019est pas possible de se poser\u00bb&#8230; Nous irons \u00e0 la rencontre du r\u00f4le de l\u2019observateur, des attentes que nous pouvons parfois avoir en tant que parents.\u00a0<\/p>\n\n\n\n<p>Une palette g\u00e9n\u00e9reuse de points de vue et d\u2019explorations<\/p>\n\n\n\n<p>Ces bases vous permettront :<\/p>\n\n\n\n<ul class=\"wp-block-list\">\n<li>de comprendre cet acte de \u00ab\u00a0tracer\u00a0\u00bb qui est universel et spontan\u00e9<\/li>\n\n\n\n<li>d\u2019accueillir la sp\u00e9cificit\u00e9 de l\u2019enfant et la v\u00f4tre<\/li>\n\n\n\n<li>de voir autrement le r\u00f4le de parent, d\u2019adulte encadrant<\/li>\n\n\n\n<li>d&rsquo;\u00e9lever le jeu \u00e0 sa juste place<\/li>\n\n\n\n<li>d&rsquo;\u00eatre au clair sur ce que peut \u00eatre un atelier peinture, argile, dessin<\/li>\n\n\n\n<li>de se connecter avec la n\u00e9cessit\u00e9 d&rsquo;ouvrir ces temps de cr\u00e9ation<\/li>\n\n\n\n<li>de tendre vers une nouvelle attitude envers l\u2019enfant<\/li>\n<\/ul>\n\n\n\n<p>Ce temps de partages et d\u2019exp\u00e9riences vous apporteront une compr\u00e9hension de ce qui est en jeu pour l&rsquo;enfant afin de profiter sereinement des temps cr\u00e9atifs avec lui \/ eux.<\/p>\n\n\n\n<blockquote class=\"wp-block-quote is-layout-flow wp-block-quote-is-layout-flow\">\n<p><\/p>\n<\/blockquote>\n\n\n\n<blockquote class=\"wp-block-quote is-layout-flow wp-block-quote-is-layout-flow\">\n<p><strong>La cr\u00e9ation est un mouvement de vie<\/strong><\/p>\n<\/blockquote>\n\n\n\n<blockquote class=\"wp-block-quote is-layout-flow wp-block-quote-is-layout-flow\">\n<p>De tout cela en d\u00e9coule une confiance renforc\u00e9e en soi en tant que personne et parent. Je vois le r\u00f4le de parent \/adulte encadrant comme un Joyeux explorateur vivant avec les al\u00e9as et les surprises du terrain. Cette formation vous permettra alors de gagner en confiance et en flexibilit\u00e9 pour vous adapter \u00e0 ces surprises !<\/p>\n<\/blockquote>\n\n\n\n<blockquote class=\"wp-block-quote is-layout-flow wp-block-quote-is-layout-flow\">\n<p><\/p>\n<\/blockquote>\n\n\n\n<p>Vous \u00eates pr\u00eats \u00e0 tenter l\u2019exp\u00e9rience&nbsp;?<\/p>\n\n\n\n<p><strong>Pour qui\u00a0<\/strong>: des parents, des professionnels de la petite enfance, des adultes !<\/p>\n\n\n\n<p><strong>O\u00f9&nbsp;<\/strong>: \u00e0 Mouzillon<\/p>\n\n\n\n<p><strong>Tarifs&nbsp;<\/strong>: 200\u20ac<\/p>\n\n\n\n<p><strong>Nombre <\/strong>: 7 personnes maximum<\/p>\n\n\n\n<p><strong>Inscription<\/strong>: \u00e9change t\u00e9l\u00e9phonique et \/ ou rdv avant toute inscription avec Laetitia 06 88 03 79 44<\/p>\n\n\n\n<p><strong>Timing&nbsp;<\/strong>: 10 ateliers<\/p>\n\n\n\n<p>4 ateliers d\u20191h30 au sein d&rsquo;un atelier interg\u00e9n\u00e9rationnel<\/p>\n\n\n\n<p>6 temps d\u20191h30 alliant le th\u00e9orique et l\u2019exp\u00e9rimentation<\/p>\n\n\n\n<p><strong>Dates <\/strong>\u00e0 d\u00e9finir avec le groupe<\/p>\n\n\n\n<p><strong>intervenant ext\u00e9rieur<\/strong> : H\u00e9l\u00e8ne Bonnet avec Histoires de parents sur le module \u00ab\u00a0<em>nos attentes<\/em>\u00ab\u00a0<\/p>\n\n\n\n<figure class=\"wp-block-gallery has-nested-images columns-default is-cropped wp-block-gallery-1 is-layout-flex wp-block-gallery-is-layout-flex\">\n<figure class=\"wp-block-image size-large\"><img loading=\"lazy\" decoding=\"async\" width=\"800\" height=\"1006\" data-id=\"7700\" src=\"https:\/\/www.laetitia-tempsdepeindre.fr\/wp-content\/uploads\/2024\/05\/argile-Main-2.jpg\" alt=\"\" class=\"wp-image-7700\" srcset=\"https:\/\/www.laetitia-tempsdepeindre.fr\/wp-content\/uploads\/2024\/05\/argile-Main-2.jpg 800w, https:\/\/www.laetitia-tempsdepeindre.fr\/wp-content\/uploads\/2024\/05\/argile-Main-2-239x300.jpg 239w, https:\/\/www.laetitia-tempsdepeindre.fr\/wp-content\/uploads\/2024\/05\/argile-Main-2-768x966.jpg 768w\" sizes=\"auto, (max-width: 800px) 100vw, 800px\" \/><\/figure>\n\n\n\n<figure class=\"wp-block-image size-large\"><img loading=\"lazy\" decoding=\"async\" width=\"576\" height=\"1024\" data-id=\"7397\" src=\"https:\/\/www.laetitia-tempsdepeindre.fr\/wp-content\/uploads\/2023\/09\/PE-peintureCorporelle1-W-576x1024.jpg\" alt=\"\" class=\"wp-image-7397\" srcset=\"https:\/\/www.laetitia-tempsdepeindre.fr\/wp-content\/uploads\/2023\/09\/PE-peintureCorporelle1-W-576x1024.jpg 576w, https:\/\/www.laetitia-tempsdepeindre.fr\/wp-content\/uploads\/2023\/09\/PE-peintureCorporelle1-W-169x300.jpg 169w, https:\/\/www.laetitia-tempsdepeindre.fr\/wp-content\/uploads\/2023\/09\/PE-peintureCorporelle1-W-768x1365.jpg 768w, https:\/\/www.laetitia-tempsdepeindre.fr\/wp-content\/uploads\/2023\/09\/PE-peintureCorporelle1-W.jpg 800w\" sizes=\"auto, (max-width: 576px) 100vw, 576px\" \/><\/figure>\n\n\n\n<figure class=\"wp-block-image size-large\"><img loading=\"lazy\" decoding=\"async\" width=\"586\" height=\"544\" data-id=\"7395\" src=\"https:\/\/www.laetitia-tempsdepeindre.fr\/wp-content\/uploads\/2023\/09\/argile-PE-mains-2-W-e1701338294319.jpg\" alt=\"\" class=\"wp-image-7395\" srcset=\"https:\/\/www.laetitia-tempsdepeindre.fr\/wp-content\/uploads\/2023\/09\/argile-PE-mains-2-W-e1701338294319.jpg 586w, https:\/\/www.laetitia-tempsdepeindre.fr\/wp-content\/uploads\/2023\/09\/argile-PE-mains-2-W-e1701338294319-300x278.jpg 300w\" sizes=\"auto, (max-width: 586px) 100vw, 586px\" \/><\/figure>\n<\/figure>\n\n\n\n<p><strong>Je suis garante du bon d\u00e9roulement de l&rsquo;atelier. Ce cadre permet de <\/strong><br>\u2022 faciliter l\u2019acte de peindre, dessiner ou modeler,<br>\u2022 rendre l\u2019espace de cr\u00e9ation fluide,<br>\u2022 respecter le rythme de l\u2019enfant,<br>\u2022 maintenir la place de l&rsquo;adulte en tant qu\u00a0\u00bbobservateur\u00a0\u00bb<br>se positionner en observateur, permet \u00e0 l\u2019enfant d\u2019oser explorer en toute confiance.<\/p>\n\n\n\n<p class=\"has-text-align-center\"><strong>Afin de faciliter l\u2019acte spontan\u00e9 de cette trace dans l&rsquo;enthousiasme chez l\u2019enfant comme chez l\u2019adulte, <\/strong><\/p>\n\n\n\n<p class=\"has-text-align-center\"><strong>TOUTES LES R\u00c9ALISATIONS RESTENT \u00c0 L&rsquo;ATELIER<\/strong><\/p>\n\n\n\n<p class=\"has-text-align-center\">Cette r\u00e8gle enl\u00e8ve l\u2019attente du r\u00e9sultat et \u00e9vite le regard jugeant des personnes ext\u00e9rieurs \u00e0 l&rsquo;atelier. Cette r\u00e8gle laisse le champ libre \u00e0 l&rsquo;expression de toutes nos cr\u00e9ativit\u00e9s.<\/p>\n\n\n\n<p>De mani\u00e8re \u00e0 clarifier la sp\u00e9cificit\u00e9 de l\u2019atelier, une rencontre ou un \u00e9change par t\u00e9l\u00e9phone est pos\u00e9 avant la premi\u00e8re s\u00e9ance.<br>Laetitia 06 88 03 79 44<\/p>\n\n\n\n<p><\/p>\n\n\n\n<figure class=\"wp-block-gallery has-nested-images columns-default is-cropped wp-block-gallery-2 is-layout-flex wp-block-gallery-is-layout-flex\">\n<figure class=\"wp-block-image size-large\"><img loading=\"lazy\" decoding=\"async\" width=\"563\" height=\"1000\" data-id=\"6794\" src=\"https:\/\/www.laetitia-tempsdepeindre.fr\/wp-content\/uploads\/2022\/08\/20220304_112049.resized-rotated.jpg\" alt=\"\" class=\"wp-image-6794\" srcset=\"https:\/\/www.laetitia-tempsdepeindre.fr\/wp-content\/uploads\/2022\/08\/20220304_112049.resized-rotated.jpg 563w, https:\/\/www.laetitia-tempsdepeindre.fr\/wp-content\/uploads\/2022\/08\/20220304_112049.resized-169x300.jpg 169w\" sizes=\"auto, (max-width: 563px) 100vw, 563px\" \/><figcaption class=\"wp-element-caption\">les explorations de la mati\u00e8re<\/figcaption><\/figure>\n\n\n\n<figure class=\"wp-block-image size-large\"><img loading=\"lazy\" decoding=\"async\" width=\"563\" height=\"1000\" data-id=\"6792\" src=\"https:\/\/www.laetitia-tempsdepeindre.fr\/wp-content\/uploads\/2022\/08\/20210209_100920.resized-rotated.jpg\" alt=\"\" class=\"wp-image-6792\" srcset=\"https:\/\/www.laetitia-tempsdepeindre.fr\/wp-content\/uploads\/2022\/08\/20210209_100920.resized-rotated.jpg 563w, https:\/\/www.laetitia-tempsdepeindre.fr\/wp-content\/uploads\/2022\/08\/20210209_100920.resized-169x300.jpg 169w\" sizes=\"auto, (max-width: 563px) 100vw, 563px\" \/><figcaption class=\"wp-element-caption\">pr\u00e9cision et attention<\/figcaption><\/figure>\n\n\n\n<figure class=\"wp-block-image size-large\"><img loading=\"lazy\" decoding=\"async\" width=\"563\" height=\"1000\" data-id=\"6795\" src=\"https:\/\/www.laetitia-tempsdepeindre.fr\/wp-content\/uploads\/2022\/08\/20220426_110059.resized-rotated.jpg\" alt=\"\" class=\"wp-image-6795\" srcset=\"https:\/\/www.laetitia-tempsdepeindre.fr\/wp-content\/uploads\/2022\/08\/20220426_110059.resized-rotated.jpg 563w, https:\/\/www.laetitia-tempsdepeindre.fr\/wp-content\/uploads\/2022\/08\/20220426_110059.resized-169x300.jpg 169w\" sizes=\"auto, (max-width: 563px) 100vw, 563px\" \/><figcaption class=\"wp-element-caption\">Tracer, un besoin pour tous<\/figcaption><\/figure>\n<\/figure>\n\n\n\n<div style=\"height:13px\" aria-hidden=\"true\" class=\"wp-block-spacer\"><\/div>\n\n\n\n<p class=\"has-text-align-center has-vivid-cyan-blue-color has-text-color\"><strong>L\u2019enfant est un c\u0153ur ouvert<\/strong><br>jouer = un apprentissage perp\u00e9tuel enthousiasmant<\/p>\n\n\n<div class=\"wp-block-image\">\n<figure class=\"aligncenter size-full is-resized\"><img loading=\"lazy\" decoding=\"async\" width=\"1000\" height=\"563\" src=\"https:\/\/www.laetitia-tempsdepeindre.fr\/wp-content\/uploads\/2022\/08\/20211122_111041.resized.jpg\" alt=\"\" class=\"wp-image-6796\" style=\"width:604px;height:340px\" srcset=\"https:\/\/www.laetitia-tempsdepeindre.fr\/wp-content\/uploads\/2022\/08\/20211122_111041.resized.jpg 1000w, https:\/\/www.laetitia-tempsdepeindre.fr\/wp-content\/uploads\/2022\/08\/20211122_111041.resized-300x169.jpg 300w, https:\/\/www.laetitia-tempsdepeindre.fr\/wp-content\/uploads\/2022\/08\/20211122_111041.resized-768x432.jpg 768w\" sizes=\"auto, (max-width: 1000px) 100vw, 1000px\" \/><figcaption class=\"wp-element-caption\">La confiance, ce pont entre l&rsquo;adulte et l\u2019enfant permet d&rsquo;aller explorer les limites , sans \u00ab\u00a0d\u00e9bordement\u00a0\u00bb<\/figcaption><\/figure>\n<\/div>\n\n\n<p><\/p>\n","protected":false},"excerpt":{"rendered":"<p>Formule \u00ab\u00a0FORMATION\u00a0\u00bb pour tous les adultes souhaitant accompagner le jeu de l&rsquo;enfant \u00ab\u00a0un nouveau regard sur le jeu de l&rsquo;enfant\u00a0\u00bb [&hellip;]<\/p>\n","protected":false},"author":1,"featured_media":0,"parent":0,"menu_order":0,"comment_status":"closed","ping_status":"closed","template":"","meta":{"footnotes":""},"class_list":["post-6791","page","type-page","status-publish","hentry"],"aioseo_notices":[],"_links":{"self":[{"href":"https:\/\/www.laetitia-tempsdepeindre.fr\/index.php\/wp-json\/wp\/v2\/pages\/6791","targetHints":{"allow":["GET"]}}],"collection":[{"href":"https:\/\/www.laetitia-tempsdepeindre.fr\/index.php\/wp-json\/wp\/v2\/pages"}],"about":[{"href":"https:\/\/www.laetitia-tempsdepeindre.fr\/index.php\/wp-json\/wp\/v2\/types\/page"}],"author":[{"embeddable":true,"href":"https:\/\/www.laetitia-tempsdepeindre.fr\/index.php\/wp-json\/wp\/v2\/users\/1"}],"replies":[{"embeddable":true,"href":"https:\/\/www.laetitia-tempsdepeindre.fr\/index.php\/wp-json\/wp\/v2\/comments?post=6791"}],"version-history":[{"count":27,"href":"https:\/\/www.laetitia-tempsdepeindre.fr\/index.php\/wp-json\/wp\/v2\/pages\/6791\/revisions"}],"predecessor-version":[{"id":7789,"href":"https:\/\/www.laetitia-tempsdepeindre.fr\/index.php\/wp-json\/wp\/v2\/pages\/6791\/revisions\/7789"}],"wp:attachment":[{"href":"https:\/\/www.laetitia-tempsdepeindre.fr\/index.php\/wp-json\/wp\/v2\/media?parent=6791"}],"curies":[{"name":"wp","href":"https:\/\/api.w.org\/{rel}","templated":true}]}}