{"id":6801,"date":"2022-08-09T14:45:44","date_gmt":"2022-08-09T13:45:44","guid":{"rendered":"http:\/\/www.laetitia-tempsdepeindre.fr\/?page_id=6801"},"modified":"2023-09-18T10:56:17","modified_gmt":"2023-09-18T09:56:17","slug":"les-outils","status":"publish","type":"page","link":"https:\/\/www.laetitia-tempsdepeindre.fr\/index.php\/les-outils\/","title":{"rendered":"Les outils"},"content":{"rendered":"\n<p>Je vous pr\u00e9sente mes compagnons de travail, des mati\u00e8res nobles et \u00e9veilleuses de cr\u00e9ativit\u00e9<br>Des m\u00e9diums naturels, vivant et respectueux de l\u2019environnement&nbsp;:<\/p>\n\n\n\n<p><\/p>\n\n\n\n<p>LES COULEURS DANS TOUTES SES FORMES<\/p>\n\n\n\n<p>Les m\u00e9diums \u00e0 disposition dans les ateliers ont tous une substance pigment\u00e9e, appliqu\u00e9e en couches \u00e0 l\u2019aide d\u2019un pinceau, du doigt, de la main sur une surface.<\/p>\n\n\n\n<p><strong>PEINTURE GOUACHE<\/strong><br>\u2022 Gouache Arno Stern<br>Les origines de la tempera appel\u00e9e aussi \u00ab&nbsp;gouache&nbsp;\u00bb sont tr\u00e8s anciennes. Les peintures sont fabriqu\u00e9es \u00e0 partir de f\u00e9cule de pomme de terre et sont exemptes de substances nocives. Ses 18 teintes forment une gamme \u00e9tendue, au d\u00e9part de laquelle des nuances peuvent \u00eatre confectionn\u00e9es \u00e0 l\u2019infini.<\/p>\n\n\n\n<figure class=\"wp-block-gallery has-nested-images columns-default is-cropped wp-block-gallery-1 is-layout-flex wp-block-gallery-is-layout-flex\">\n<figure class=\"wp-block-image size-large\"><img loading=\"lazy\" decoding=\"async\" width=\"1000\" height=\"750\" data-id=\"6802\" src=\"https:\/\/www.laetitia-tempsdepeindre.fr\/wp-content\/uploads\/2022\/08\/P1000742.resized.jpg\" alt=\"\" class=\"wp-image-6802\" srcset=\"https:\/\/www.laetitia-tempsdepeindre.fr\/wp-content\/uploads\/2022\/08\/P1000742.resized.jpg 1000w, https:\/\/www.laetitia-tempsdepeindre.fr\/wp-content\/uploads\/2022\/08\/P1000742.resized-300x225.jpg 300w, https:\/\/www.laetitia-tempsdepeindre.fr\/wp-content\/uploads\/2022\/08\/P1000742.resized-768x576.jpg 768w\" sizes=\"auto, (max-width: 1000px) 100vw, 1000px\" \/><\/figure>\n\n\n\n<figure class=\"wp-block-image size-large\"><img loading=\"lazy\" decoding=\"async\" width=\"1000\" height=\"750\" data-id=\"6803\" src=\"https:\/\/www.laetitia-tempsdepeindre.fr\/wp-content\/uploads\/2022\/08\/P1000741.resized.jpg\" alt=\"\" class=\"wp-image-6803\" srcset=\"https:\/\/www.laetitia-tempsdepeindre.fr\/wp-content\/uploads\/2022\/08\/P1000741.resized.jpg 1000w, https:\/\/www.laetitia-tempsdepeindre.fr\/wp-content\/uploads\/2022\/08\/P1000741.resized-300x225.jpg 300w, https:\/\/www.laetitia-tempsdepeindre.fr\/wp-content\/uploads\/2022\/08\/P1000741.resized-768x576.jpg 768w\" sizes=\"auto, (max-width: 1000px) 100vw, 1000px\" \/><\/figure>\n\n\n\n<figure class=\"wp-block-image size-large\"><img loading=\"lazy\" decoding=\"async\" width=\"576\" height=\"1024\" data-id=\"6815\" src=\"https:\/\/www.laetitia-tempsdepeindre.fr\/wp-content\/uploads\/2022\/08\/20210129_145700-576x1024.jpg\" alt=\"\" class=\"wp-image-6815\" srcset=\"https:\/\/www.laetitia-tempsdepeindre.fr\/wp-content\/uploads\/2022\/08\/20210129_145700-576x1024.jpg 576w, https:\/\/www.laetitia-tempsdepeindre.fr\/wp-content\/uploads\/2022\/08\/20210129_145700-169x300.jpg 169w, https:\/\/www.laetitia-tempsdepeindre.fr\/wp-content\/uploads\/2022\/08\/20210129_145700-768x1365.jpg 768w, https:\/\/www.laetitia-tempsdepeindre.fr\/wp-content\/uploads\/2022\/08\/20210129_145700-864x1536.jpg 864w, https:\/\/www.laetitia-tempsdepeindre.fr\/wp-content\/uploads\/2022\/08\/20210129_145700-1152x2048.jpg 1152w, https:\/\/www.laetitia-tempsdepeindre.fr\/wp-content\/uploads\/2022\/08\/20210129_145700-scaled.jpg 1440w\" sizes=\"auto, (max-width: 576px) 100vw, 576px\" \/><\/figure>\n<\/figure>\n\n\n\n<p>Le Jeu de peindre, par<a href=\"https:\/\/arnostern.com\/the-closlieu\/?lang=fr\"> Arno Stern<\/a><br><\/p>\n\n\n\n<p><strong>ARGILE<\/strong><br>Une mati\u00e8re Vivante et aussi mall\u00e9able, scintillante, locale&nbsp;et color\u00e9e.<\/p>\n\n\n\n<figure class=\"wp-block-gallery has-nested-images columns-default is-cropped wp-block-gallery-2 is-layout-flex wp-block-gallery-is-layout-flex\">\n<figure class=\"wp-block-image size-large\"><img loading=\"lazy\" decoding=\"async\" width=\"1024\" height=\"544\" data-id=\"6820\" src=\"https:\/\/www.laetitia-tempsdepeindre.fr\/wp-content\/uploads\/2022\/08\/argile-mainGP-2-1024x544.jpg\" alt=\"\" class=\"wp-image-6820\" srcset=\"https:\/\/www.laetitia-tempsdepeindre.fr\/wp-content\/uploads\/2022\/08\/argile-mainGP-2-1024x544.jpg 1024w, https:\/\/www.laetitia-tempsdepeindre.fr\/wp-content\/uploads\/2022\/08\/argile-mainGP-2-300x159.jpg 300w, https:\/\/www.laetitia-tempsdepeindre.fr\/wp-content\/uploads\/2022\/08\/argile-mainGP-2-768x408.jpg 768w, https:\/\/www.laetitia-tempsdepeindre.fr\/wp-content\/uploads\/2022\/08\/argile-mainGP-2.jpg 1520w\" sizes=\"auto, (max-width: 1024px) 100vw, 1024px\" \/><\/figure>\n\n\n\n<figure class=\"wp-block-image size-large\"><img loading=\"lazy\" decoding=\"async\" width=\"1024\" height=\"522\" data-id=\"6821\" src=\"https:\/\/www.laetitia-tempsdepeindre.fr\/wp-content\/uploads\/2022\/08\/argile-mainGP-3-1024x522.jpg\" alt=\"\" class=\"wp-image-6821\" srcset=\"https:\/\/www.laetitia-tempsdepeindre.fr\/wp-content\/uploads\/2022\/08\/argile-mainGP-3-1024x522.jpg 1024w, https:\/\/www.laetitia-tempsdepeindre.fr\/wp-content\/uploads\/2022\/08\/argile-mainGP-3-300x153.jpg 300w, https:\/\/www.laetitia-tempsdepeindre.fr\/wp-content\/uploads\/2022\/08\/argile-mainGP-3-768x391.jpg 768w, https:\/\/www.laetitia-tempsdepeindre.fr\/wp-content\/uploads\/2022\/08\/argile-mainGP-3.jpg 1407w\" sizes=\"auto, (max-width: 1024px) 100vw, 1024px\" \/><\/figure>\n<\/figure>\n\n\n\n<p>lien vers le Fuilet<br>L\u2019argile c\u2019est aussi un paysage&nbsp;:<br><a href=\"http:\/\/www.maisondupotier.net\/fr\/information\/37465\/un-milieu-riche-fragile\">http:\/\/www.maisondupotier.net\/fr\/information\/37465\/un-milieu-riche-fragile<\/a><br>http:\/\/www.maisondupotier.net\/fr\/information\/37441\/les-landes-argile<\/p>\n\n\n\n<div style=\"height:68px\" aria-hidden=\"true\" class=\"wp-block-spacer\"><\/div>\n\n\n\n<p><strong>PINCEAUX<\/strong><br>Ce pinceau, dont les poils petit-gris sont fix\u00e9s sur un manche en bois l\u00e9ger par un manchon en plume v\u00e9ritable est confectionn\u00e9 \u00e0 la main avec un soin extr\u00eame. Il correspond aux exigences du Jeu de Peindre avec la gouache Arno Stern.<br>Sa pointe permet de faire des trac\u00e9s fins. Il a la propri\u00e9t\u00e9 de retenir une grande quantit\u00e9 d\u2019eau<br>et de peinture.<\/p>\n\n\n\n<figure class=\"wp-block-gallery has-nested-images columns-default is-cropped wp-block-gallery-3 is-layout-flex wp-block-gallery-is-layout-flex\">\n<figure class=\"wp-block-image size-large\"><img loading=\"lazy\" decoding=\"async\" width=\"576\" height=\"555\" data-id=\"6813\" src=\"https:\/\/www.laetitia-tempsdepeindre.fr\/wp-content\/uploads\/2022\/08\/AtelierPeinture-carreW-1.jpg\" alt=\"\" class=\"wp-image-6813\" srcset=\"https:\/\/www.laetitia-tempsdepeindre.fr\/wp-content\/uploads\/2022\/08\/AtelierPeinture-carreW-1.jpg 576w, https:\/\/www.laetitia-tempsdepeindre.fr\/wp-content\/uploads\/2022\/08\/AtelierPeinture-carreW-1-300x289.jpg 300w\" sizes=\"auto, (max-width: 576px) 100vw, 576px\" \/><figcaption class=\"wp-element-caption\">Petit gris avec virole en m\u00e9tal<\/figcaption><\/figure>\n\n\n\n<figure class=\"wp-block-image size-large\"><img loading=\"lazy\" decoding=\"async\" width=\"800\" height=\"744\" data-id=\"6814\" src=\"https:\/\/www.laetitia-tempsdepeindre.fr\/wp-content\/uploads\/2022\/08\/pinceau-W.jpg\" alt=\"\" class=\"wp-image-6814\" srcset=\"https:\/\/www.laetitia-tempsdepeindre.fr\/wp-content\/uploads\/2022\/08\/pinceau-W.jpg 800w, https:\/\/www.laetitia-tempsdepeindre.fr\/wp-content\/uploads\/2022\/08\/pinceau-W-300x279.jpg 300w, https:\/\/www.laetitia-tempsdepeindre.fr\/wp-content\/uploads\/2022\/08\/pinceau-W-768x714.jpg 768w\" sizes=\"auto, (max-width: 800px) 100vw, 800px\" \/><figcaption class=\"wp-element-caption\">Brosse douce<\/figcaption><\/figure>\n\n\n\n<figure class=\"wp-block-image size-large\"><img loading=\"lazy\" decoding=\"async\" width=\"576\" height=\"1024\" data-id=\"6816\" src=\"https:\/\/www.laetitia-tempsdepeindre.fr\/wp-content\/uploads\/2022\/08\/pinceaux3-W-576x1024.jpg\" alt=\"\" class=\"wp-image-6816\" srcset=\"https:\/\/www.laetitia-tempsdepeindre.fr\/wp-content\/uploads\/2022\/08\/pinceaux3-W-576x1024.jpg 576w, https:\/\/www.laetitia-tempsdepeindre.fr\/wp-content\/uploads\/2022\/08\/pinceaux3-W-169x300.jpg 169w, https:\/\/www.laetitia-tempsdepeindre.fr\/wp-content\/uploads\/2022\/08\/pinceaux3-W-768x1365.jpg 768w, https:\/\/www.laetitia-tempsdepeindre.fr\/wp-content\/uploads\/2022\/08\/pinceaux3-W.jpg 800w\" sizes=\"auto, (max-width: 576px) 100vw, 576px\" \/><figcaption class=\"wp-element-caption\">pinceau Arno Stern<\/figcaption><\/figure>\n<\/figure>\n\n\n\n<hr class=\"wp-block-separator has-alpha-channel-opacity\"\/>\n\n\n\n<p><strong>AQUARELLE<\/strong><br>De ses univers jaillissent des couleurs vives et lumineuses. Toute la vari\u00e9t\u00e9 de l\u2019arc-en-ciel se refl\u00e8te dans le cercle chromatique de Goethe, cr\u00e9\u00e9 \u00e0 partir des trois couleurs de base&nbsp;: bleu, rouge et jaune. Elle se travail avec la gouache ou le crayon.                <em>Plus d&rsquo;information sur le site internet de <a href=\"https:\/\/www.stockmar.de\/fr\/l-univers-des-produits\/couleurs-aquarelles\/\">Stockmar.<\/a><\/em><\/p>\n\n\n\n<figure class=\"wp-block-gallery has-nested-images columns-default is-cropped wp-block-gallery-4 is-layout-flex wp-block-gallery-is-layout-flex\">\n<figure class=\"wp-block-image size-large\"><img loading=\"lazy\" decoding=\"async\" width=\"800\" height=\"681\" data-id=\"6810\" src=\"https:\/\/www.laetitia-tempsdepeindre.fr\/wp-content\/uploads\/2022\/08\/aquarelle-W.jpg\" alt=\"\" class=\"wp-image-6810\" srcset=\"https:\/\/www.laetitia-tempsdepeindre.fr\/wp-content\/uploads\/2022\/08\/aquarelle-W.jpg 800w, https:\/\/www.laetitia-tempsdepeindre.fr\/wp-content\/uploads\/2022\/08\/aquarelle-W-300x255.jpg 300w, https:\/\/www.laetitia-tempsdepeindre.fr\/wp-content\/uploads\/2022\/08\/aquarelle-W-768x654.jpg 768w\" sizes=\"auto, (max-width: 800px) 100vw, 800px\" \/><\/figure>\n\n\n\n<figure class=\"wp-block-image size-large\"><img loading=\"lazy\" decoding=\"async\" width=\"300\" height=\"275\" data-id=\"7374\" src=\"https:\/\/www.laetitia-tempsdepeindre.fr\/wp-content\/uploads\/2023\/09\/couleur-Aqua-1W.jpg\" alt=\"\" class=\"wp-image-7374\"\/><\/figure>\n\n\n\n<figure class=\"wp-block-image size-large\"><img loading=\"lazy\" decoding=\"async\" width=\"737\" height=\"1024\" data-id=\"6812\" src=\"https:\/\/www.laetitia-tempsdepeindre.fr\/wp-content\/uploads\/2022\/08\/aquarelleW-2-737x1024.jpg\" alt=\"\" class=\"wp-image-6812\" srcset=\"https:\/\/www.laetitia-tempsdepeindre.fr\/wp-content\/uploads\/2022\/08\/aquarelleW-2-737x1024.jpg 737w, https:\/\/www.laetitia-tempsdepeindre.fr\/wp-content\/uploads\/2022\/08\/aquarelleW-2-216x300.jpg 216w, https:\/\/www.laetitia-tempsdepeindre.fr\/wp-content\/uploads\/2022\/08\/aquarelleW-2-768x1067.jpg 768w, https:\/\/www.laetitia-tempsdepeindre.fr\/wp-content\/uploads\/2022\/08\/aquarelleW-2.jpg 800w\" sizes=\"auto, (max-width: 737px) 100vw, 737px\" \/><\/figure>\n<\/figure>\n\n\n\n<div style=\"height:46px\" aria-hidden=\"true\" class=\"wp-block-spacer\"><\/div>\n\n\n\n<p><strong>CRAYON BILLE<\/strong><br>Il est le seul outil quotidien qui permet de tracer et de garder la trace sans le r\u00e9flexe de \u00ab&nbsp;gommage&nbsp;\u00bb. Il est l\u00e9ger, maniable et toujours \u00e0 disposition. Voil\u00e0 les points forts de cet outil et le pourquoi de son utilisation ici.<\/p>\n\n\n\n<figure class=\"wp-block-gallery has-nested-images columns-default is-cropped wp-block-gallery-5 is-layout-flex wp-block-gallery-is-layout-flex\">\n<figure class=\"wp-block-image size-large\"><img loading=\"lazy\" decoding=\"async\" width=\"800\" height=\"450\" data-id=\"7377\" src=\"https:\/\/www.laetitia-tempsdepeindre.fr\/wp-content\/uploads\/2023\/09\/dessinNature-1W.jpg\" alt=\"\" class=\"wp-image-7377\" srcset=\"https:\/\/www.laetitia-tempsdepeindre.fr\/wp-content\/uploads\/2023\/09\/dessinNature-1W.jpg 800w, https:\/\/www.laetitia-tempsdepeindre.fr\/wp-content\/uploads\/2023\/09\/dessinNature-1W-300x169.jpg 300w, https:\/\/www.laetitia-tempsdepeindre.fr\/wp-content\/uploads\/2023\/09\/dessinNature-1W-768x432.jpg 768w\" sizes=\"auto, (max-width: 800px) 100vw, 800px\" \/><\/figure>\n\n\n\n<figure class=\"wp-block-image size-large\"><img loading=\"lazy\" decoding=\"async\" width=\"500\" height=\"506\" data-id=\"7375\" src=\"https:\/\/www.laetitia-tempsdepeindre.fr\/wp-content\/uploads\/2023\/09\/dessinNature-5W.jpg\" alt=\"\" class=\"wp-image-7375\" srcset=\"https:\/\/www.laetitia-tempsdepeindre.fr\/wp-content\/uploads\/2023\/09\/dessinNature-5W.jpg 500w, https:\/\/www.laetitia-tempsdepeindre.fr\/wp-content\/uploads\/2023\/09\/dessinNature-5W-296x300.jpg 296w\" sizes=\"auto, (max-width: 500px) 100vw, 500px\" \/><\/figure>\n\n\n\n<figure class=\"wp-block-image size-large\"><img loading=\"lazy\" decoding=\"async\" width=\"600\" height=\"338\" data-id=\"6829\" src=\"https:\/\/www.laetitia-tempsdepeindre.fr\/wp-content\/uploads\/2022\/08\/atelierNature-4W-1.jpg\" alt=\"\" class=\"wp-image-6829\" srcset=\"https:\/\/www.laetitia-tempsdepeindre.fr\/wp-content\/uploads\/2022\/08\/atelierNature-4W-1.jpg 600w, https:\/\/www.laetitia-tempsdepeindre.fr\/wp-content\/uploads\/2022\/08\/atelierNature-4W-1-300x169.jpg 300w\" sizes=\"auto, (max-width: 600px) 100vw, 600px\" \/><\/figure>\n<\/figure>\n\n\n\n<div style=\"height:46px\" aria-hidden=\"true\" class=\"wp-block-spacer\"><\/div>\n\n\n\n<p><strong>FUSAIN<\/strong><br>C\u2019est le plus ancien des outils avec lequel on trace : un morceau de charbon. Il permet des nuances subtiles et une trace souple sur de grands comme de petits supports. Il est aussi tr\u00e8s instable, joueur, surprenant et \u00e9ph\u00e9m\u00e8re parfois !<\/p>\n\n\n\n<figure class=\"wp-block-gallery has-nested-images columns-default is-cropped wp-block-gallery-6 is-layout-flex wp-block-gallery-is-layout-flex\">\n<figure class=\"wp-block-image size-large\"><img loading=\"lazy\" decoding=\"async\" width=\"800\" height=\"450\" data-id=\"6818\" src=\"https:\/\/www.laetitia-tempsdepeindre.fr\/wp-content\/uploads\/2022\/08\/fusain1-W.jpg\" alt=\"\" class=\"wp-image-6818\" srcset=\"https:\/\/www.laetitia-tempsdepeindre.fr\/wp-content\/uploads\/2022\/08\/fusain1-W.jpg 800w, https:\/\/www.laetitia-tempsdepeindre.fr\/wp-content\/uploads\/2022\/08\/fusain1-W-300x169.jpg 300w, https:\/\/www.laetitia-tempsdepeindre.fr\/wp-content\/uploads\/2022\/08\/fusain1-W-768x432.jpg 768w\" sizes=\"auto, (max-width: 800px) 100vw, 800px\" \/><\/figure>\n\n\n\n<figure class=\"wp-block-image size-large\"><img loading=\"lazy\" decoding=\"async\" width=\"800\" height=\"450\" data-id=\"6819\" src=\"https:\/\/www.laetitia-tempsdepeindre.fr\/wp-content\/uploads\/2022\/08\/fusain-BD-2W.jpg\" alt=\"\" class=\"wp-image-6819\" srcset=\"https:\/\/www.laetitia-tempsdepeindre.fr\/wp-content\/uploads\/2022\/08\/fusain-BD-2W.jpg 800w, https:\/\/www.laetitia-tempsdepeindre.fr\/wp-content\/uploads\/2022\/08\/fusain-BD-2W-300x169.jpg 300w, https:\/\/www.laetitia-tempsdepeindre.fr\/wp-content\/uploads\/2022\/08\/fusain-BD-2W-768x432.jpg 768w\" sizes=\"auto, (max-width: 800px) 100vw, 800px\" \/><\/figure>\n<\/figure>\n\n\n\n<div style=\"height:65px\" aria-hidden=\"true\" class=\"wp-block-spacer\"><\/div>\n\n\n\n<p><strong>CRAYON AQUARELLABLE<\/strong><br>Ce sont des crayons de couleur pas comme les autres, d\u2019une mati\u00e8re tendre, mouvante, qui se m\u00e9lange et se dilue avec ou sans eau.<\/p>\n\n\n\n<figure class=\"wp-block-gallery has-nested-images columns-default is-cropped wp-block-gallery-7 is-layout-flex wp-block-gallery-is-layout-flex\">\n<figure class=\"wp-block-image size-large\"><img loading=\"lazy\" decoding=\"async\" width=\"476\" height=\"410\" data-id=\"6822\" src=\"https:\/\/www.laetitia-tempsdepeindre.fr\/wp-content\/uploads\/2022\/08\/crayonAqua-W.jpg\" alt=\"\" class=\"wp-image-6822\" srcset=\"https:\/\/www.laetitia-tempsdepeindre.fr\/wp-content\/uploads\/2022\/08\/crayonAqua-W.jpg 476w, https:\/\/www.laetitia-tempsdepeindre.fr\/wp-content\/uploads\/2022\/08\/crayonAqua-W-300x258.jpg 300w\" sizes=\"auto, (max-width: 476px) 100vw, 476px\" \/><\/figure>\n\n\n\n<figure class=\"wp-block-image size-large\"><img loading=\"lazy\" decoding=\"async\" width=\"800\" height=\"1010\" data-id=\"6823\" src=\"https:\/\/www.laetitia-tempsdepeindre.fr\/wp-content\/uploads\/2022\/08\/crayonAquarellable1W.jpg\" alt=\"\" class=\"wp-image-6823\" srcset=\"https:\/\/www.laetitia-tempsdepeindre.fr\/wp-content\/uploads\/2022\/08\/crayonAquarellable1W.jpg 800w, https:\/\/www.laetitia-tempsdepeindre.fr\/wp-content\/uploads\/2022\/08\/crayonAquarellable1W-238x300.jpg 238w, https:\/\/www.laetitia-tempsdepeindre.fr\/wp-content\/uploads\/2022\/08\/crayonAquarellable1W-768x970.jpg 768w\" sizes=\"auto, (max-width: 800px) 100vw, 800px\" \/><\/figure>\n<\/figure>\n\n\n\n<p><\/p>\n\n\n\n<p><\/p>\n","protected":false},"excerpt":{"rendered":"<p>Je vous pr\u00e9sente mes compagnons de travail, des mati\u00e8res nobles et \u00e9veilleuses de cr\u00e9ativit\u00e9Des m\u00e9diums naturels, vivant et respectueux de [&hellip;]<\/p>\n","protected":false},"author":1,"featured_media":0,"parent":0,"menu_order":0,"comment_status":"closed","ping_status":"closed","template":"","meta":{"footnotes":""},"class_list":["post-6801","page","type-page","status-publish","hentry"],"aioseo_notices":[],"_links":{"self":[{"href":"https:\/\/www.laetitia-tempsdepeindre.fr\/index.php\/wp-json\/wp\/v2\/pages\/6801","targetHints":{"allow":["GET"]}}],"collection":[{"href":"https:\/\/www.laetitia-tempsdepeindre.fr\/index.php\/wp-json\/wp\/v2\/pages"}],"about":[{"href":"https:\/\/www.laetitia-tempsdepeindre.fr\/index.php\/wp-json\/wp\/v2\/types\/page"}],"author":[{"embeddable":true,"href":"https:\/\/www.laetitia-tempsdepeindre.fr\/index.php\/wp-json\/wp\/v2\/users\/1"}],"replies":[{"embeddable":true,"href":"https:\/\/www.laetitia-tempsdepeindre.fr\/index.php\/wp-json\/wp\/v2\/comments?post=6801"}],"version-history":[{"count":5,"href":"https:\/\/www.laetitia-tempsdepeindre.fr\/index.php\/wp-json\/wp\/v2\/pages\/6801\/revisions"}],"predecessor-version":[{"id":7378,"href":"https:\/\/www.laetitia-tempsdepeindre.fr\/index.php\/wp-json\/wp\/v2\/pages\/6801\/revisions\/7378"}],"wp:attachment":[{"href":"https:\/\/www.laetitia-tempsdepeindre.fr\/index.php\/wp-json\/wp\/v2\/media?parent=6801"}],"curies":[{"name":"wp","href":"https:\/\/api.w.org\/{rel}","templated":true}]}}