{"id":6989,"date":"2022-10-07T08:58:58","date_gmt":"2022-10-07T07:58:58","guid":{"rendered":"http:\/\/www.laetitia-tempsdepeindre.fr\/?page_id=6989"},"modified":"2026-03-03T11:20:53","modified_gmt":"2026-03-03T10:20:53","slug":"tarifs-et-calendrier","status":"publish","type":"page","link":"https:\/\/www.laetitia-tempsdepeindre.fr\/index.php\/tarifs-et-calendrier\/","title":{"rendered":"Tarifs et Calendrier"},"content":{"rendered":"\n<p class=\"has-black-color has-text-color has-link-color has-medium-font-size wp-elements-5e5d343256711eba640fe3b049ad2539\">L&rsquo;atelier re\u00e7oit des personnes petites et grandes, s\u2019engageant pour le nombre de s\u00e9ances propos\u00e9es lors de l\u2019inscription.<\/p>\n\n\n\n<p class=\"has-black-color has-text-color has-link-color has-medium-font-size wp-elements-c7ea5ced2dc2cdcbb93fde0711213ded\">Pour pr\u00e9ciser les objectifs de l&rsquo;atelier le \u00ab&nbsp;Laetitia-Temps de Peindre&nbsp;\u00bb, un entretien pr\u00e9alable est possible et \u00e9vite ainsi tout malentendu quant au caract\u00e8re singulier des ateliers que je propose.<\/p>\n\n\n\n<p class=\"has-black-color has-text-color has-link-color has-medium-font-size wp-elements-c8f9c084849998e1702b830ba2ac4478\">Les ateliers le Temps de Peindre permettent de vivre un moment dans un espace abrit\u00e9 de la pression du monde ext\u00e9rieur, dans un groupe compos\u00e9 de participants de tous \u00e2ges, et de faire ainsi l\u2019exp\u00e9rience de relation exemptes de comp\u00e9tition. Ce lieu offre \u00e0 chacun la possibilit\u00e9 de s\u2019affirmer. Il initie au plaisir de l\u2019acte accompli sans sp\u00e9culation. Il est le lieu de l&rsquo;Expression.<\/p>\n\n\n\n<ul class=\"wp-block-list\">\n<li class=\"has-black-color has-text-color has-link-color has-medium-font-size wp-elements-acb17516abdd332d3b9c20118ba3682a\"><strong>Lieu <\/strong>: l\u2019Atelier COULEUR qui se situe au 307 route de la Blandinairie \u00e0 Mouzillon.<\/li>\n<\/ul>\n\n\n\n<ul class=\"wp-block-list\">\n<li class=\"has-black-color has-text-color has-link-color has-medium-font-size wp-elements-77bf53c20af0e6bd7de764e779d849b4\"><strong>Inscription<\/strong> : aupr\u00e8s de Laetitia Bourget Davy au  06 88 03 79 44 ou par mail <a href=\"mailto:contact@laetitia-tempsdepeindre.fr\">contact@laetitia-tempsdepeindre.fr<\/a><\/li>\n<\/ul>\n\n\n\n<p class=\"has-black-color has-text-color has-link-color has-medium-font-size wp-elements-d4cc1677fe1a6ff5b8c7b8ccadb83b1c\">CI DESSOUS<\/p>\n\n\n\n<ul class=\"wp-block-list\">\n<li class=\"has-black-color has-text-color has-link-color has-medium-font-size wp-elements-1eabb029fbad3a19236f9348ddaf93e1\"><strong>Cr\u00e9neaux<\/strong><\/li>\n\n\n\n<li class=\"has-black-color has-text-color has-link-color has-medium-font-size wp-elements-24dcaa62fe0a9d2fff82afdbd2b07d65\"><strong>Planning <\/strong>2025-26<\/li>\n\n\n\n<li class=\"has-black-color has-text-color has-link-color has-medium-font-size wp-elements-952eb2fda1a989732ceba44ffbd4327c\"><strong>Tarifs <\/strong><\/li>\n\n\n\n<li class=\"has-black-color has-text-color has-link-color has-medium-font-size wp-elements-b734ecd0c50726d19048c8bfbfa51fc4\"><strong>bulletin d&rsquo;inscription<\/strong> <\/li>\n<\/ul>\n\n\n\n<p><\/p>\n\n\n\n<p class=\"has-black-color has-text-color has-medium-font-size\" style=\"font-size:25px\">Les <strong>inscriptions<\/strong> sont possible :<\/p>\n\n\n\n<ul class=\"wp-block-list\">\n<li class=\"has-black-color has-text-color has-link-color has-medium-font-size wp-elements-9f4342d09ae290778c914327585033cf\">\u00e0 l\u2019ann\u00e9e<\/li>\n\n\n\n<li class=\"has-black-color has-text-color has-link-color has-medium-font-size wp-elements-8bfb67bb5ebc082148950986855cec64\">en bimensuel<\/li>\n\n\n\n<li class=\"has-black-color has-text-color has-link-color has-medium-font-size wp-elements-bd24612e1bda0dd015196cdf867b1f63\">\u00e0  l&rsquo;unit\u00e9 pour une d\u00e9couverte sur les vacances scolaires<\/li>\n<\/ul>\n\n\n\n<p class=\"has-text-color\" style=\"color:#0f8b73;font-size:25px\"><\/p>\n\n\n\n<p class=\"has-text-color\" style=\"color:#0f8b73;font-size:25px\"><strong>Les ateliers r\u00e9guliers :<\/strong><\/p>\n\n\n\n<figure class=\"wp-block-gallery has-nested-images columns-default is-cropped wp-block-gallery-1 is-layout-flex wp-block-gallery-is-layout-flex\">\n<figure class=\"wp-block-image size-large\"><img loading=\"lazy\" decoding=\"async\" width=\"800\" height=\"564\" data-id=\"8094\" src=\"https:\/\/www.laetitia-tempsdepeindre.fr\/wp-content\/uploads\/2025\/09\/com2025-26-HorairePA-TSles15.jpg\" alt=\"\" class=\"wp-image-8094\" srcset=\"https:\/\/www.laetitia-tempsdepeindre.fr\/wp-content\/uploads\/2025\/09\/com2025-26-HorairePA-TSles15.jpg 800w, https:\/\/www.laetitia-tempsdepeindre.fr\/wp-content\/uploads\/2025\/09\/com2025-26-HorairePA-TSles15-300x212.jpg 300w, https:\/\/www.laetitia-tempsdepeindre.fr\/wp-content\/uploads\/2025\/09\/com2025-26-HorairePA-TSles15-768x541.jpg 768w\" sizes=\"auto, (max-width: 800px) 100vw, 800px\" \/><\/figure>\n\n\n\n<figure class=\"wp-block-image size-large\"><img loading=\"lazy\" decoding=\"async\" width=\"1024\" height=\"722\" data-id=\"8006\" src=\"https:\/\/www.laetitia-tempsdepeindre.fr\/wp-content\/uploads\/2025\/05\/com2025-26-HorairePA-BiMensuel-hebdo-1024x722.jpg\" alt=\"\" class=\"wp-image-8006\" srcset=\"https:\/\/www.laetitia-tempsdepeindre.fr\/wp-content\/uploads\/2025\/05\/com2025-26-HorairePA-BiMensuel-hebdo-1024x722.jpg 1024w, https:\/\/www.laetitia-tempsdepeindre.fr\/wp-content\/uploads\/2025\/05\/com2025-26-HorairePA-BiMensuel-hebdo-300x211.jpg 300w, https:\/\/www.laetitia-tempsdepeindre.fr\/wp-content\/uploads\/2025\/05\/com2025-26-HorairePA-BiMensuel-hebdo-768x541.jpg 768w, https:\/\/www.laetitia-tempsdepeindre.fr\/wp-content\/uploads\/2025\/05\/com2025-26-HorairePA-BiMensuel-hebdo-1536x1083.jpg 1536w, https:\/\/www.laetitia-tempsdepeindre.fr\/wp-content\/uploads\/2025\/05\/com2025-26-HorairePA-BiMensuel-hebdo-2048x1444.jpg 2048w\" sizes=\"auto, (max-width: 1024px) 100vw, 1024px\" \/><\/figure>\n<\/figure>\n\n\n\n<div style=\"height:163px\" aria-hidden=\"true\" class=\"wp-block-spacer\"><\/div>\n\n\n\n<div class=\"wp-block-group\"><div class=\"wp-block-group__inner-container is-layout-flow wp-block-group-is-layout-flow\">\n<h2 class=\"wp-block-heading has-text-color has-link-color wp-elements-98cad01c12cef9db02997e30725ddcfb\" style=\"color:#067d79\">R\u00e9capitulatif des tarifs 2025-26<\/h2>\n<\/div><\/div>\n\n\n\n<figure class=\"wp-block-image size-large\"><img loading=\"lazy\" decoding=\"async\" width=\"1024\" height=\"541\" src=\"https:\/\/www.laetitia-tempsdepeindre.fr\/wp-content\/uploads\/2026\/03\/tarifs-atelier2025-26-1024x541.jpg\" alt=\"\" class=\"wp-image-8167\" srcset=\"https:\/\/www.laetitia-tempsdepeindre.fr\/wp-content\/uploads\/2026\/03\/tarifs-atelier2025-26-1024x541.jpg 1024w, https:\/\/www.laetitia-tempsdepeindre.fr\/wp-content\/uploads\/2026\/03\/tarifs-atelier2025-26-300x159.jpg 300w, https:\/\/www.laetitia-tempsdepeindre.fr\/wp-content\/uploads\/2026\/03\/tarifs-atelier2025-26-768x406.jpg 768w, https:\/\/www.laetitia-tempsdepeindre.fr\/wp-content\/uploads\/2026\/03\/tarifs-atelier2025-26.jpg 1128w\" sizes=\"auto, (max-width: 1024px) 100vw, 1024px\" \/><\/figure>\n\n\n\n<p class=\"has-black-color has-text-color\"><strong>les dates en  bimestriel&nbsp;:<\/strong><br> septembre \/ octobre<br> novembre \/ d\u00e9cembre <br> janvier \/ f\u00e9vrier <br> mars \/ avril<br> mai \/ juin <\/p>\n\n\n\n<p class=\"has-black-color has-text-color\"><strong>possibilit\u00e9 de payer en plusieurs fois<\/strong><\/p>\n\n\n\n<div data-wp-interactive=\"core\/file\" class=\"wp-block-file\"><object data-wp-bind--hidden=\"!state.hasPdfPreview\" hidden class=\"wp-block-file__embed\" data=\"https:\/\/www.laetitia-tempsdepeindre.fr\/wp-content\/uploads\/2024\/09\/formulaireTDP_inscription.pdf\" type=\"application\/pdf\" style=\"width:100%;height:600px\" aria-label=\"Contenu embarqu\u00e9 formulaireTDP_inscription.\"><\/object><a id=\"wp-block-file--media-8843b353-df63-40a2-8f81-8c8deaf524a3\" href=\"https:\/\/www.laetitia-tempsdepeindre.fr\/wp-content\/uploads\/2024\/09\/formulaireTDP_inscription.pdf\">formulaireTDP_inscription<\/a><a href=\"https:\/\/www.laetitia-tempsdepeindre.fr\/wp-content\/uploads\/2024\/09\/formulaireTDP_inscription.pdf\" class=\"wp-block-file__button wp-element-button\" download aria-describedby=\"wp-block-file--media-8843b353-df63-40a2-8f81-8c8deaf524a3\">T\u00e9l\u00e9charger<\/a><\/div>\n\n\n","protected":false},"excerpt":{"rendered":"<p>L&rsquo;atelier re\u00e7oit des personnes petites et grandes, s\u2019engageant pour le nombre de s\u00e9ances propos\u00e9es lors de l\u2019inscription. Pour pr\u00e9ciser les [&hellip;]<\/p>\n","protected":false},"author":1,"featured_media":0,"parent":0,"menu_order":0,"comment_status":"closed","ping_status":"closed","template":"","meta":{"footnotes":"[]"},"class_list":["post-6989","page","type-page","status-publish","hentry"],"aioseo_notices":[],"_links":{"self":[{"href":"https:\/\/www.laetitia-tempsdepeindre.fr\/index.php\/wp-json\/wp\/v2\/pages\/6989","targetHints":{"allow":["GET"]}}],"collection":[{"href":"https:\/\/www.laetitia-tempsdepeindre.fr\/index.php\/wp-json\/wp\/v2\/pages"}],"about":[{"href":"https:\/\/www.laetitia-tempsdepeindre.fr\/index.php\/wp-json\/wp\/v2\/types\/page"}],"author":[{"embeddable":true,"href":"https:\/\/www.laetitia-tempsdepeindre.fr\/index.php\/wp-json\/wp\/v2\/users\/1"}],"replies":[{"embeddable":true,"href":"https:\/\/www.laetitia-tempsdepeindre.fr\/index.php\/wp-json\/wp\/v2\/comments?post=6989"}],"version-history":[{"count":61,"href":"https:\/\/www.laetitia-tempsdepeindre.fr\/index.php\/wp-json\/wp\/v2\/pages\/6989\/revisions"}],"predecessor-version":[{"id":8170,"href":"https:\/\/www.laetitia-tempsdepeindre.fr\/index.php\/wp-json\/wp\/v2\/pages\/6989\/revisions\/8170"}],"wp:attachment":[{"href":"https:\/\/www.laetitia-tempsdepeindre.fr\/index.php\/wp-json\/wp\/v2\/media?parent=6989"}],"curies":[{"name":"wp","href":"https:\/\/api.w.org\/{rel}","templated":true}]}}