{"id":7813,"date":"2024-06-17T11:15:28","date_gmt":"2024-06-17T10:15:28","guid":{"rendered":"http:\/\/www.laetitia-tempsdepeindre.fr\/?page_id=7813"},"modified":"2024-06-17T11:15:30","modified_gmt":"2024-06-17T10:15:30","slug":"les-formules","status":"publish","type":"page","link":"https:\/\/www.laetitia-tempsdepeindre.fr\/index.php\/les-formules\/","title":{"rendered":"Les formules"},"content":{"rendered":"\n<p>Les formules sont une proposition pour les personnes qui sont pr\u00eates \u00e0 oser aller \u00e0 la rencontre de  leur cr\u00e9ativit\u00e9 intuitive, ainsi que de leur capacit\u00e9 in\u00e9puisable et ressour\u00e7ante.<\/p>\n\n\n\n<p>Mon intention est de vous accompagner vers le plaisir de la d\u00e9couverte, de l&rsquo;exploration de ce que vous \u00eates puissamment capable de r\u00e9aliser au sein de votre cr\u00e9ativit\u00e9. <\/p>\n\n\n\n<p>L&rsquo;argile, la peinture, les couleurs  ainsi que la mise en place d&rsquo;un cadre facilitant permettront  ces connections.<\/p>\n\n\n\n<p>Vous \u00eates les chef-f-e-s d&rsquo;orchestre de votre Vie. Tout est l\u00e0, en vous<\/p>\n","protected":false},"excerpt":{"rendered":"<p>Les formules sont une proposition pour les personnes qui sont pr\u00eates \u00e0 oser aller \u00e0 la rencontre de leur cr\u00e9ativit\u00e9 [&hellip;]<\/p>\n","protected":false},"author":1,"featured_media":0,"parent":0,"menu_order":0,"comment_status":"closed","ping_status":"closed","template":"","meta":{"footnotes":""},"class_list":["post-7813","page","type-page","status-publish","hentry"],"aioseo_notices":[],"_links":{"self":[{"href":"https:\/\/www.laetitia-tempsdepeindre.fr\/index.php\/wp-json\/wp\/v2\/pages\/7813","targetHints":{"allow":["GET"]}}],"collection":[{"href":"https:\/\/www.laetitia-tempsdepeindre.fr\/index.php\/wp-json\/wp\/v2\/pages"}],"about":[{"href":"https:\/\/www.laetitia-tempsdepeindre.fr\/index.php\/wp-json\/wp\/v2\/types\/page"}],"author":[{"embeddable":true,"href":"https:\/\/www.laetitia-tempsdepeindre.fr\/index.php\/wp-json\/wp\/v2\/users\/1"}],"replies":[{"embeddable":true,"href":"https:\/\/www.laetitia-tempsdepeindre.fr\/index.php\/wp-json\/wp\/v2\/comments?post=7813"}],"version-history":[{"count":1,"href":"https:\/\/www.laetitia-tempsdepeindre.fr\/index.php\/wp-json\/wp\/v2\/pages\/7813\/revisions"}],"predecessor-version":[{"id":7814,"href":"https:\/\/www.laetitia-tempsdepeindre.fr\/index.php\/wp-json\/wp\/v2\/pages\/7813\/revisions\/7814"}],"wp:attachment":[{"href":"https:\/\/www.laetitia-tempsdepeindre.fr\/index.php\/wp-json\/wp\/v2\/media?parent=7813"}],"curies":[{"name":"wp","href":"https:\/\/api.w.org\/{rel}","templated":true}]}}