{"id":979,"date":"2019-11-18T11:43:38","date_gmt":"2019-11-18T10:43:38","guid":{"rendered":"http:\/\/www.laetitia-tempsdepeindre.fr\/?page_id=979"},"modified":"2025-08-25T09:25:43","modified_gmt":"2025-08-25T08:25:43","slug":"intuition-creativite","status":"publish","type":"page","link":"https:\/\/www.laetitia-tempsdepeindre.fr\/index.php\/intuition-creativite\/","title":{"rendered":"Approfondissement"},"content":{"rendered":"\n<p><\/p>\n\n\n\n<p>Je vous propose ici une formule \u00ab\u00a0immersive\u00a0\u00bb : des ateliers peinture et argile sur 2h30 , 1 fois par mois.<\/p>\n\n\n\n<p><strong><strong>C&rsquo;est une invitation \u00e0 plonger au c\u0153ur d&rsquo;un point de vue, d&rsquo;une exploration, d&rsquo;une d\u00e9couverte&#8230; en douceur et lenteur car le temps est un alli\u00e9 puissant .<\/strong><\/strong><\/p>\n\n\n\n<p>Nous avons tous en nous cette capacit\u00e9 \u00e0 cr\u00e9er.&nbsp;Si vous avez envie d&rsquo;oser, comme vous le sentez , sans peur du jugement de : poser une couleur, r\u00e9aliser une forme, laisser libre cours au plaisir&#8230;c&rsquo;est bien ici !<\/p>\n\n\n\n<p>Cette <strong>cr\u00e9ativit\u00e9 intuitive, <\/strong>celle qui nous donne confiance, ouvre des chemins, met en joie,&nbsp; stimule un \u00e9lan de vie qui nous est b\u00e9n\u00e9fique !<\/p>\n\n\n\n<div class=\"wp-block-media-text is-stacked-on-mobile\" style=\"grid-template-columns:36% auto\"><figure class=\"wp-block-media-text__media\"><img loading=\"lazy\" decoding=\"async\" width=\"500\" height=\"446\" src=\"https:\/\/www.laetitia-tempsdepeindre.fr\/wp-content\/uploads\/2024\/06\/peintureCorporelle-4W.jpg\" alt=\"\" class=\"wp-image-7749 size-full\" srcset=\"https:\/\/www.laetitia-tempsdepeindre.fr\/wp-content\/uploads\/2024\/06\/peintureCorporelle-4W.jpg 500w, https:\/\/www.laetitia-tempsdepeindre.fr\/wp-content\/uploads\/2024\/06\/peintureCorporelle-4W-300x268.jpg 300w\" sizes=\"auto, (max-width: 500px) 100vw, 500px\" \/><\/figure><div class=\"wp-block-media-text__content\">\n<p>Une palette d&rsquo;outils est \u00e0 votre disposition pour :<\/p>\n\n\n\n<ul class=\"wp-block-list\">\n<li>peindre avec fluidit\u00e9 et facilit\u00e9 <\/li>\n\n\n\n<li>observer en pleine Nature <\/li>\n\n\n\n<li>\u00e9couter son corps <\/li>\n\n\n\n<li>laisser le mouvement \u00e9merger <\/li>\n\n\n\n<li>tracer librement et infiniment<\/li>\n\n\n\n<li>modeler l&rsquo;argile <\/li>\n\n\n\n<li>ressentir &#8230;<\/li>\n<\/ul>\n<\/div><\/div>\n\n\n\n<p><\/p>\n\n\n\n<div class=\"wp-block-media-text is-stacked-on-mobile\" style=\"grid-template-columns:36% auto\"><figure class=\"wp-block-media-text__media\"><img loading=\"lazy\" decoding=\"async\" width=\"800\" height=\"716\" src=\"https:\/\/www.laetitia-tempsdepeindre.fr\/wp-content\/uploads\/2024\/06\/AP-main.jpg\" alt=\"\" class=\"wp-image-7747 size-full\" srcset=\"https:\/\/www.laetitia-tempsdepeindre.fr\/wp-content\/uploads\/2024\/06\/AP-main.jpg 800w, https:\/\/www.laetitia-tempsdepeindre.fr\/wp-content\/uploads\/2024\/06\/AP-main-300x269.jpg 300w, https:\/\/www.laetitia-tempsdepeindre.fr\/wp-content\/uploads\/2024\/06\/AP-main-768x687.jpg 768w\" sizes=\"auto, (max-width: 800px) 100vw, 800px\" \/><\/figure><div class=\"wp-block-media-text__content\">\n<p class=\"has-text-align-center\">Les s\u00e9ances se d\u00e9roulent dans un cadre de qualit\u00e9 : en nature, sur une ferme vivante et dans un atelier chaleureux et facilitant, pr\u00e9vu et organis\u00e9 pour cela.<\/p>\n\n\n\n<p class=\"has-text-align-center\"> L&rsquo;acte d&rsquo;oser prend ses racines dans l&rsquo;\u00e9mergence d&rsquo;un savoir faire&nbsp; inn\u00e9.<\/p>\n\n\n\n<p class=\"has-text-align-center has-medium-font-size\">Tous ces \u00e9l\u00e9ments&nbsp; sont des boussoles pour aller vers le chemin qui est le v\u00f4tre : <strong>unique<\/strong> et <strong>joyeux<\/strong><\/p>\n<\/div><\/div>\n\n\n\n<div class=\"wp-block-media-text is-stacked-on-mobile\" style=\"grid-template-columns:36% auto\"><figure class=\"wp-block-media-text__media\"><img loading=\"lazy\" decoding=\"async\" width=\"800\" height=\"741\" src=\"https:\/\/www.laetitia-tempsdepeindre.fr\/wp-content\/uploads\/2025\/01\/barbobache1.jpg\" alt=\"\" class=\"wp-image-7900 size-full\" srcset=\"https:\/\/www.laetitia-tempsdepeindre.fr\/wp-content\/uploads\/2025\/01\/barbobache1.jpg 800w, https:\/\/www.laetitia-tempsdepeindre.fr\/wp-content\/uploads\/2025\/01\/barbobache1-300x278.jpg 300w, https:\/\/www.laetitia-tempsdepeindre.fr\/wp-content\/uploads\/2025\/01\/barbobache1-768x711.jpg 768w\" sizes=\"auto, (max-width: 800px) 100vw, 800px\" \/><\/figure><div class=\"wp-block-media-text__content\">\n<p><\/p>\n\n\n\n<ul class=\"wp-block-list\">\n<li>peinture intuitive<\/li>\n\n\n\n<li>argile<\/li>\n\n\n\n<li>barbo&rsquo;b\u00e2che : barbotine \u00e0 la verticale \u00e0 2 mains<\/li>\n\n\n\n<li>peinture corporelle<\/li>\n\n\n\n<li>m\u00e9ditation color\u00e9e<\/li>\n<\/ul>\n<\/div><\/div>\n\n\n\n<div class=\"wp-block-media-text is-stacked-on-mobile\" style=\"grid-template-columns:36% auto\"><figure class=\"wp-block-media-text__media\"><img loading=\"lazy\" decoding=\"async\" width=\"412\" height=\"334\" src=\"https:\/\/www.laetitia-tempsdepeindre.fr\/wp-content\/uploads\/2025\/01\/atelier4-1.jpg\" alt=\"\" class=\"wp-image-7899 size-full\" srcset=\"https:\/\/www.laetitia-tempsdepeindre.fr\/wp-content\/uploads\/2025\/01\/atelier4-1.jpg 412w, https:\/\/www.laetitia-tempsdepeindre.fr\/wp-content\/uploads\/2025\/01\/atelier4-1-300x243.jpg 300w\" sizes=\"auto, (max-width: 412px) 100vw, 412px\" \/><\/figure><div class=\"wp-block-media-text__content\">\n<p>les informations pratiques<\/p>\n\n\n\n<ul class=\"wp-block-list\">\n<li>DUR\u00c9E : atelier de 2h30 <\/li>\n\n\n\n<li>QUAND : 1 fois par mois le jeudi de 14h30 \u00e0 17h<\/li>\n\n\n\n<li>MAT\u00c9RIEL: fourni<\/li>\n\n\n\n<li>LIEU : \u00e0 Mouzillon au 307 route de la Blandinairie \u00e0 l&rsquo;atelier couleur<\/li>\n\n\n\n<li>TARIF : 36\u20ac l&rsquo;atelier<\/li>\n\n\n\n<li>DATES : 30\/01, 27\/02, 20\/03, 17\/04, 15\/05, 12\/06, 17\/07 et 21\/08 2025<\/li>\n\n\n\n<li>SUR INSCRIPTION : 06 88 03 79 44 ou contact@laetitia-tempsdepeindre.fr<\/li>\n<\/ul>\n<\/div><\/div>\n","protected":false},"excerpt":{"rendered":"<p>Je vous propose ici une formule \u00ab\u00a0immersive\u00a0\u00bb : des ateliers peinture et argile sur 2h30 , 1 fois par mois. [&hellip;]<\/p>\n","protected":false},"author":1,"featured_media":0,"parent":0,"menu_order":0,"comment_status":"closed","ping_status":"closed","template":"","meta":{"footnotes":""},"class_list":["post-979","page","type-page","status-publish","hentry"],"aioseo_notices":[],"_links":{"self":[{"href":"https:\/\/www.laetitia-tempsdepeindre.fr\/index.php\/wp-json\/wp\/v2\/pages\/979","targetHints":{"allow":["GET"]}}],"collection":[{"href":"https:\/\/www.laetitia-tempsdepeindre.fr\/index.php\/wp-json\/wp\/v2\/pages"}],"about":[{"href":"https:\/\/www.laetitia-tempsdepeindre.fr\/index.php\/wp-json\/wp\/v2\/types\/page"}],"author":[{"embeddable":true,"href":"https:\/\/www.laetitia-tempsdepeindre.fr\/index.php\/wp-json\/wp\/v2\/users\/1"}],"replies":[{"embeddable":true,"href":"https:\/\/www.laetitia-tempsdepeindre.fr\/index.php\/wp-json\/wp\/v2\/comments?post=979"}],"version-history":[{"count":13,"href":"https:\/\/www.laetitia-tempsdepeindre.fr\/index.php\/wp-json\/wp\/v2\/pages\/979\/revisions"}],"predecessor-version":[{"id":8086,"href":"https:\/\/www.laetitia-tempsdepeindre.fr\/index.php\/wp-json\/wp\/v2\/pages\/979\/revisions\/8086"}],"wp:attachment":[{"href":"https:\/\/www.laetitia-tempsdepeindre.fr\/index.php\/wp-json\/wp\/v2\/media?parent=979"}],"curies":[{"name":"wp","href":"https:\/\/api.w.org\/{rel}","templated":true}]}}